{"id":17731,"date":"2020-07-16T12:59:52","date_gmt":"2020-07-16T10:59:52","guid":{"rendered":"https:\/\/www.albris.ch\/?page_id=17731"},"modified":"2021-11-19T17:35:58","modified_gmt":"2021-11-19T16:35:58","slug":"sour-dough-bread","status":"publish","type":"page","link":"https:\/\/www.albris.ch\/en\/sauerteigbrot\/","title":{"rendered":"Sourdough bread"},"content":{"rendered":"<div data-elementor-type=\"wp-page\" data-elementor-id=\"17731\" class=\"elementor elementor-17731\" data-elementor-post-type=\"page\">\n\t\t\t\t\t\t<section class=\"elementor-section elementor-top-section elementor-element elementor-element-b65b2ae elementor-section-content-bottom cc_ondark elementor-section-full_width elementor-section-height-default elementor-section-height-default\" data-id=\"b65b2ae\" data-element_type=\"section\" data-e-type=\"section\" data-settings=\"{&quot;background_background&quot;:&quot;classic&quot;}\">\n\t\t\t\t\t\t\t<div class=\"elementor-background-overlay\"><\/div>\n\t\t\t\t\t\t\t<div class=\"elementor-container elementor-column-gap-default\">\n\t\t\t\t\t<div class=\"elementor-column elementor-col-100 elementor-top-column elementor-element elementor-element-5307917\" data-id=\"5307917\" data-element_type=\"column\" data-e-type=\"column\" data-settings=\"{&quot;background_background&quot;:&quot;classic&quot;}\">\n\t\t\t<div class=\"elementor-widget-wrap elementor-element-populated\">\n\t\t\t\t\t<div class=\"elementor-background-overlay\"><\/div>\n\t\t\t\t\t\t<div class=\"elementor-element elementor-element-68c1071 elementor-widget elementor-widget-spacer\" data-id=\"68c1071\" data-element_type=\"widget\" data-e-type=\"widget\" data-widget_type=\"spacer.default\">\n\t\t\t\t<div class=\"elementor-widget-container\">\n\t\t\t\t\t\t\t<div class=\"elementor-spacer\">\n\t\t\t<div class=\"elementor-spacer-inner\"><\/div>\n\t\t<\/div>\n\t\t\t\t\t\t<\/div>\n\t\t\t\t<\/div>\n\t\t\t\t\t<\/div>\n\t\t<\/div>\n\t\t\t\t\t<\/div>\n\t\t<\/section>\n\t\t\t\t<section class=\"elementor-section elementor-top-section elementor-element elementor-element-1c01f3a elementor-section-boxed elementor-section-height-default elementor-section-height-default\" data-id=\"1c01f3a\" data-element_type=\"section\" data-e-type=\"section\">\n\t\t\t\t\t\t<div class=\"elementor-container elementor-column-gap-no\">\n\t\t\t\t\t<div class=\"elementor-column elementor-col-100 elementor-top-column elementor-element elementor-element-c762e62\" data-id=\"c762e62\" data-element_type=\"column\" data-e-type=\"column\">\n\t\t\t<div class=\"elementor-widget-wrap elementor-element-populated\">\n\t\t\t\t\t\t<div class=\"elementor-element elementor-element-84cec0b elementor-widget elementor-widget-heading\" data-id=\"84cec0b\" data-element_type=\"widget\" data-e-type=\"widget\" data-widget_type=\"heading.default\">\n\t\t\t\t<div class=\"elementor-widget-container\">\n\t\t\t\t\t<h5 class=\"elementor-heading-title elementor-size-default\">Taste lies in tranquility\n<\/h5>\t\t\t\t<\/div>\n\t\t\t\t<\/div>\n\t\t\t\t<div class=\"elementor-element elementor-element-8ab63b9 elementor-widget elementor-widget-heading\" data-id=\"8ab63b9\" data-element_type=\"widget\" data-e-type=\"widget\" data-widget_type=\"heading.default\">\n\t\t\t\t<div class=\"elementor-widget-container\">\n\t\t\t\t\t<h2 class=\"elementor-heading-title elementor-size-default\">Why sourdough tastes so good<\/h2>\t\t\t\t<\/div>\n\t\t\t\t<\/div>\n\t\t\t\t<div class=\"elementor-element elementor-element-f81733e elementor-widget elementor-widget-text-editor\" data-id=\"f81733e\" data-element_type=\"widget\" data-e-type=\"widget\" data-widget_type=\"text-editor.default\">\n\t\t\t\t<div class=\"elementor-widget-container\">\n\t\t\t\t\t\t\t\t\t<p>For the new Kochend\u00f6rferbrot we use natural sourdough as a leavening agent. That means we produce the sourdough cultures ourselves. In order to find the perfect mixture for the dry climatic conditions in the Engadine, we had to try and experiment for a long time.<\/p>\t\t\t\t\t\t\t\t<\/div>\n\t\t\t\t<\/div>\n\t\t\t\t<div class=\"elementor-element elementor-element-df74119 elementor-widget elementor-widget-heading\" data-id=\"df74119\" data-element_type=\"widget\" data-e-type=\"widget\" data-widget_type=\"heading.default\">\n\t\t\t\t<div class=\"elementor-widget-container\">\n\t\t\t\t\t<h2 class=\"elementor-heading-title elementor-size-default\">Dark crispy<\/h2>\t\t\t\t<\/div>\n\t\t\t\t<\/div>\n\t\t\t\t<div class=\"elementor-element elementor-element-5782705 elementor-widget elementor-widget-text-editor\" data-id=\"5782705\" data-element_type=\"widget\" data-e-type=\"widget\" data-widget_type=\"text-editor.default\">\n\t\t\t\t<div class=\"elementor-widget-container\">\n\t\t\t\t\t\t\t\t\t<p>The result is a particularly tasty bread. The crust is baked until it is dark, crispy and tastes slightly like caramel. The crumb (inside of the bread) is airy, tender and juicy, aromatic.<\/p>\t\t\t\t\t\t\t\t<\/div>\n\t\t\t\t<\/div>\n\t\t\t\t<div class=\"elementor-element elementor-element-8b67d09 elementor-widget elementor-widget-heading\" data-id=\"8b67d09\" data-element_type=\"widget\" data-e-type=\"widget\" data-widget_type=\"heading.default\">\n\t\t\t\t<div class=\"elementor-widget-container\">\n\t\t\t\t\t<h2 class=\"elementor-heading-title elementor-size-default\">Fresh for longer<\/h2>\t\t\t\t<\/div>\n\t\t\t\t<\/div>\n\t\t\t\t<div class=\"elementor-element elementor-element-9bb6775 elementor-widget elementor-widget-text-editor\" data-id=\"9bb6775\" data-element_type=\"widget\" data-e-type=\"widget\" data-widget_type=\"text-editor.default\">\n\t\t\t\t<div class=\"elementor-widget-container\">\n\t\t\t\t\t\t\t\t\t<p>Sourdough consists solely of flour, water \u2013 and a lot of resting time. The slow fermentation processes develop vinegar- and lactic acid bacteria. These cause the dough to rise and produce the typical and unadulterated bread taste when baking. Sourdough has other advantages compared to yeast: The bread is lighter digestible and stays fresh and long-lasting .<\/p>\t\t\t\t\t\t\t\t<\/div>\n\t\t\t\t<\/div>\n\t\t\t\t<div class=\"elementor-element elementor-element-05339f9 elementor-widget elementor-widget-heading\" data-id=\"05339f9\" data-element_type=\"widget\" data-e-type=\"widget\" data-widget_type=\"heading.default\">\n\t\t\t\t<div class=\"elementor-widget-container\">\n\t\t\t\t\t<h2 class=\"elementor-heading-title elementor-size-default\">30 hours of dough rest<\/h2>\t\t\t\t<\/div>\n\t\t\t\t<\/div>\n\t\t\t\t<div class=\"elementor-element elementor-element-47c1a8e elementor-widget elementor-widget-text-editor\" data-id=\"47c1a8e\" data-element_type=\"widget\" data-e-type=\"widget\" data-widget_type=\"text-editor.default\">\n\t\t\t\t<div class=\"elementor-widget-container\">\n\t\t\t\t\t\t\t\t\t<p>Breads with natural sourdough need a lot of rest. The new Kochend\u00f6rferbrot with sourdough bread has 30 hours of rest before we put the round loaves in the oven. It&#039;s worth trying!<\/p>\t\t\t\t\t\t\t\t<\/div>\n\t\t\t\t<\/div>\n\t\t\t\t\t<\/div>\n\t\t<\/div>\n\t\t\t\t\t<\/div>\n\t\t<\/section>\n\t\t\t\t<section class=\"elementor-section elementor-top-section elementor-element elementor-element-2a6c1ed elementor-section-boxed elementor-section-height-default elementor-section-height-default\" data-id=\"2a6c1ed\" data-element_type=\"section\" data-e-type=\"section\">\n\t\t\t\t\t\t<div class=\"elementor-container elementor-column-gap-no\">\n\t\t\t\t\t<div class=\"elementor-column elementor-col-100 elementor-top-column elementor-element elementor-element-25dbbbf\" data-id=\"25dbbbf\" data-element_type=\"column\" data-e-type=\"column\">\n\t\t\t<div class=\"elementor-widget-wrap elementor-element-populated\">\n\t\t\t\t\t\t<div class=\"elementor-element elementor-element-44455f7 elementor--h-position-center elementor--v-position-middle elementor-arrows-position-inside elementor-widget elementor-widget-slides\" data-id=\"44455f7\" data-element_type=\"widget\" data-e-type=\"widget\" data-settings=\"{&quot;navigation&quot;:&quot;arrows&quot;,&quot;autoplay&quot;:&quot;yes&quot;,&quot;autoplay_speed&quot;:5000,&quot;infinite&quot;:&quot;yes&quot;,&quot;transition&quot;:&quot;slide&quot;,&quot;transition_speed&quot;:500}\" data-widget_type=\"slides.default\">\n\t\t\t\t<div class=\"elementor-widget-container\">\n\t\t\t\t\t\t\t\t\t<div class=\"elementor-swiper\">\n\t\t\t\t\t<div class=\"elementor-slides-wrapper elementor-main-swiper swiper\" role=\"region\" aria-roledescription=\"carousel\" aria-label=\"slides\" dir=\"ltr\" data-animation=\"fadeInLeft\">\n\t\t\t\t<div class=\"swiper-wrapper elementor-slides\">\n\t\t\t\t\t\t\t\t\t\t<div class=\"elementor-repeater-item-f1bf721 swiper-slide\" role=\"group\" aria-roledescription=\"slide\"><div class=\"swiper-slide-bg elementor-ken-burns elementor-ken-burns--in\" role=\"img\" aria-label=\"Natural sourdough\"><\/div><div class=\"swiper-slide-inner\" ><div class=\"swiper-slide-contents\"><\/div><\/div><\/div><div class=\"elementor-repeater-item-8f35f97 swiper-slide\" role=\"group\" aria-roledescription=\"slide\"><div class=\"swiper-slide-bg elementor-ken-burns elementor-ken-burns--in\" role=\"img\" aria-label=\"30 hours of dough rest\"><\/div><div class=\"swiper-slide-inner\" ><div class=\"swiper-slide-contents\"><\/div><\/div><\/div><div class=\"elementor-repeater-item-33caf57 swiper-slide\" role=\"group\" aria-roledescription=\"slide\"><div class=\"swiper-slide-bg elementor-ken-burns elementor-ken-burns--in\" role=\"img\" aria-label=\"Fresh for longer\"><\/div><div class=\"swiper-slide-inner\" ><div class=\"swiper-slide-contents\"><\/div><\/div><\/div><div class=\"elementor-repeater-item-b1c9468 swiper-slide\" role=\"group\" aria-roledescription=\"slide\"><div class=\"swiper-slide-bg elementor-ken-burns elementor-ken-burns--in\" role=\"img\" aria-label=\"Dark crispy\"><\/div><div class=\"swiper-slide-inner\" ><div class=\"swiper-slide-contents\"><\/div><\/div><\/div><div class=\"elementor-repeater-item-f89da1c swiper-slide\" role=\"group\" aria-roledescription=\"slide\"><div class=\"swiper-slide-bg elementor-ken-burns elementor-ken-burns--in\" role=\"img\" aria-label=\"Kochendoerfer_Bread_History_1\"><\/div><div class=\"swiper-slide-inner\" ><div class=\"swiper-slide-contents\"><\/div><\/div><\/div>\t\t\t\t<\/div>\n\t\t\t\t\t\t\t\t\t\t\t\t\t\t\t<div class=\"elementor-swiper-button elementor-swiper-button-prev\" role=\"button\" tabindex=\"0\" aria-label=\"Previous slide\" data-no-translation-aria-label=\"\">\n\t\t\t\t\t\t\t<i aria-hidden=\"true\" class=\"eicon-chevron-left\"><\/i>\t\t\t\t\t\t<\/div>\n\t\t\t\t\t\t<div class=\"elementor-swiper-button elementor-swiper-button-next\" role=\"button\" tabindex=\"0\" aria-label=\"Next slide\" data-no-translation-aria-label=\"\">\n\t\t\t\t\t\t\t<i aria-hidden=\"true\" class=\"eicon-chevron-right\"><\/i>\t\t\t\t\t\t<\/div>\n\t\t\t\t\t\t\t\t\t\t\t\t\t\t\t\t\t<\/div>\n\t\t\t\t<\/div>\n\t\t\t\t\t\t\t\t<\/div>\n\t\t\t\t<\/div>\n\t\t\t\t\t<\/div>\n\t\t<\/div>\n\t\t\t\t\t<\/div>\n\t\t<\/section>\n\t\t\t\t<section class=\"elementor-section elementor-top-section elementor-element elementor-element-dcba23f elementor-section-boxed elementor-section-height-default elementor-section-height-default\" data-id=\"dcba23f\" data-element_type=\"section\" data-e-type=\"section\" data-settings=\"{&quot;background_background&quot;:&quot;classic&quot;}\">\n\t\t\t\t\t\t<div class=\"elementor-container elementor-column-gap-no\">\n\t\t\t\t\t<div class=\"elementor-column elementor-col-100 elementor-top-column elementor-element elementor-element-a95c95c cc_ondark\" data-id=\"a95c95c\" data-element_type=\"column\" data-e-type=\"column\" data-settings=\"{&quot;background_background&quot;:&quot;classic&quot;}\">\n\t\t\t<div class=\"elementor-widget-wrap elementor-element-populated\">\n\t\t\t\t\t\t<div class=\"elementor-element elementor-element-b6223f8 elementor-widget elementor-widget-heading\" data-id=\"b6223f8\" data-element_type=\"widget\" data-e-type=\"widget\" data-widget_type=\"heading.default\">\n\t\t\t\t<div class=\"elementor-widget-container\">\n\t\t\t\t\t<h5 class=\"elementor-heading-title elementor-size-default\">The real taste of bread\n<\/h5>\t\t\t\t<\/div>\n\t\t\t\t<\/div>\n\t\t\t\t<div class=\"elementor-element elementor-element-2a83fa6 elementor-widget elementor-widget-heading\" data-id=\"2a83fa6\" data-element_type=\"widget\" data-e-type=\"widget\" data-widget_type=\"heading.default\">\n\t\t\t\t<div class=\"elementor-widget-container\">\n\t\t\t\t\t<h2 class=\"elementor-heading-title elementor-size-default\">The Kochend\u00f6rfer bread with sourdough has a crispy crust and a delicately aromatic interior.<\/h2>\t\t\t\t<\/div>\n\t\t\t\t<\/div>\n\t\t\t\t\t<\/div>\n\t\t<\/div>\n\t\t\t\t\t<\/div>\n\t\t<\/section>\n\t\t\t\t<section class=\"elementor-section elementor-top-section elementor-element elementor-element-970eb4e elementor-section-boxed elementor-section-height-default elementor-section-height-default\" data-id=\"970eb4e\" data-element_type=\"section\" data-e-type=\"section\">\n\t\t\t\t\t\t<div class=\"elementor-container elementor-column-gap-no\">\n\t\t\t\t\t<div class=\"elementor-column elementor-col-50 elementor-top-column elementor-element elementor-element-6344458\" data-id=\"6344458\" data-element_type=\"column\" data-e-type=\"column\" data-settings=\"{&quot;background_background&quot;:&quot;classic&quot;}\">\n\t\t\t<div class=\"elementor-widget-wrap elementor-element-populated\">\n\t\t\t\t\t\t<div class=\"elementor-element elementor-element-ab51843 elementor-widget elementor-widget-heading\" data-id=\"ab51843\" data-element_type=\"widget\" data-e-type=\"widget\" data-widget_type=\"heading.default\">\n\t\t\t\t<div class=\"elementor-widget-container\">\n\t\t\t\t\t<h5 class=\"elementor-heading-title elementor-size-default\">Over 120 years ago<\/h5>\t\t\t\t<\/div>\n\t\t\t\t<\/div>\n\t\t\t\t<div class=\"elementor-element elementor-element-4aba9df elementor-widget elementor-widget-heading\" data-id=\"4aba9df\" data-element_type=\"widget\" data-e-type=\"widget\" data-widget_type=\"heading.default\">\n\t\t\t\t<div class=\"elementor-widget-container\">\n\t\t\t\t\t<h2 class=\"elementor-heading-title elementor-size-default\">From the bakery to the hotel and restaurant<\/h2>\t\t\t\t<\/div>\n\t\t\t\t<\/div>\n\t\t\t\t<div class=\"elementor-element elementor-element-6909eb1 elementor-widget elementor-widget-text-editor\" data-id=\"6909eb1\" data-element_type=\"widget\" data-e-type=\"widget\" data-widget_type=\"text-editor.default\">\n\t\t\t\t<div class=\"elementor-widget-container\">\n\t\t\t\t\t\t\t\t\t<p class=\"light\">The history of the Kochend\u00f6rfer in Pontresina began around 120 years ago with a bakery. Fritz Kochend\u00f6rfer started out as a hotel baker, later went into business and sold bread to the inns in Pontresina. Four generations later, the culinary world of the Kochend\u00f6rfer includes a three- star-Hotel, one with the \u201cGolden\u201d Fish \u00bbexcellent restaurant as well as the bakery with a pastry shop- and bakery shop.<\/p><p class=\"light\">Selling bread to the hotels, guests and residents of Pontresina has remained at the heart of the company over the years. The Kochend\u00f6rfers run their pastry shop with just as passion. Oscar Kochend\u00f6rfer senior invented the famous Engadin cake in the 1930s and Claudio Kochend\u00f6rfer recently created the Ibex cake.<\/p>\t\t\t\t\t\t\t\t<\/div>\n\t\t\t\t<\/div>\n\t\t\t\t\t<\/div>\n\t\t<\/div>\n\t\t\t\t<div class=\"elementor-column elementor-col-50 elementor-top-column elementor-element elementor-element-0028edd\" data-id=\"0028edd\" data-element_type=\"column\" data-e-type=\"column\">\n\t\t\t<div class=\"elementor-widget-wrap elementor-element-populated\">\n\t\t\t\t\t\t<div class=\"elementor-element elementor-element-d2d9bfc elementor-widget elementor-widget-image\" data-id=\"d2d9bfc\" data-element_type=\"widget\" data-e-type=\"widget\" data-widget_type=\"image.default\">\n\t\t\t\t<div class=\"elementor-widget-container\">\n\t\t\t\t\t\t\t\t\t\t\t\t\t\t\t<img decoding=\"async\" src=\"https:\/\/www.albris.ch\/wp-content\/uploads\/elementor\/thumbs\/albris_geschichte_03-o65uccmpxiali4k8lxjgc1uwd4r1qrk2t75puhx8k4.jpg\" title=\"Hotel Albris history\" alt=\"Hotel Albris history\" loading=\"lazy\" \/>\t\t\t\t\t\t\t\t\t\t\t\t\t\t\t<\/div>\n\t\t\t\t<\/div>\n\t\t\t\t\t<\/div>\n\t\t<\/div>\n\t\t\t\t\t<\/div>\n\t\t<\/section>\n\t\t\t\t<\/div>","protected":false},"excerpt":{"rendered":"<p>In der Ruhe liegt der Geschmack Warum Sauerteig so gut schmeckt Fu\u0308r das neue Kochend\u00f6rferbrot verwenden wir Natursauerteig als Backtriebmittel. Das bedeutet, wir stellen die Sauerteigkulturen selber her. Um die perfekte Mischung fu\u0308r die trockenen klimatischen Bedingungen im Engadin zu finden, mussten wir lange pr\u00f6beln und experimentieren. Dunkelknusprig Das Resultat ist ein besonders schmackhaftes Brot. [&hellip;]<\/p>\n","protected":false},"author":1,"featured_media":0,"parent":0,"menu_order":0,"comment_status":"closed","ping_status":"closed","template":"","meta":{"footnotes":""},"class_list":["post-17731","page","type-page","status-publish","hentry"],"yoast_head":"<!-- This site is optimized with the Yoast SEO plugin v27.4 - https:\/\/yoast.com\/product\/yoast-seo-wordpress\/ -->\n<title>Sauerteigbrot I Hotel Albris Pontresina<\/title>\n<meta name=\"description\" content=\"Brote mit Natursauerteig ben\u00f6tigen besonders viel Teigruhe. Das neue Kochend\u00f6rferbrot mit Sauerteigbrot hat 30 Stunden Ruhezeit hinter sich, bevor wir die runden Laibe in den Ofen schieben.\" \/>\n<meta name=\"robots\" content=\"index, follow, max-snippet:-1, max-image-preview:large, max-video-preview:-1\" \/>\n<link rel=\"canonical\" href=\"https:\/\/www.albris.ch\/en\/sour-dough-bread\/\" \/>\n<meta property=\"og:locale\" content=\"en_GB\" \/>\n<meta property=\"og:type\" content=\"article\" \/>\n<meta property=\"og:title\" content=\"Sauerteigbrot I Hotel Albris Pontresina\" \/>\n<meta property=\"og:description\" content=\"Brote mit Natursauerteig ben\u00f6tigen besonders viel Teigruhe. Das neue Kochend\u00f6rferbrot mit Sauerteigbrot hat 30 Stunden Ruhezeit hinter sich, bevor wir die runden Laibe in den Ofen schieben.\" \/>\n<meta property=\"og:url\" content=\"https:\/\/www.albris.ch\/en\/sour-dough-bread\/\" \/>\n<meta property=\"og:site_name\" content=\"Hotel Albris Pontresina\" \/>\n<meta property=\"article:publisher\" content=\"https:\/\/www.facebook.com\/KOCHEND%c3%96RFERS-HOTEL-ALBRIS-Pontresina-Switzerland-133357763361393\" \/>\n<meta property=\"article:modified_time\" content=\"2021-11-19T16:35:58+00:00\" \/>\n<meta property=\"og:image\" content=\"https:\/\/www.albris.ch\/wp-content\/uploads\/elementor\/thumbs\/albris_geschichte_03-o65uccmpxiali4k8lxjgc1uwd4r1qrk2t75puhx8k4.jpg\" \/>\n<meta name=\"twitter:card\" content=\"summary_large_image\" \/>\n<meta name=\"twitter:label1\" content=\"Estimated reading time\" \/>\n\t<meta name=\"twitter:data1\" content=\"2 minutes\" \/>\n<script type=\"application\/ld+json\" class=\"yoast-schema-graph\">{\"@context\":\"https:\\\/\\\/schema.org\",\"@graph\":[{\"@type\":\"WebPage\",\"@id\":\"https:\\\/\\\/www.albris.ch\\\/sauerteigbrot\\\/\",\"url\":\"https:\\\/\\\/www.albris.ch\\\/sauerteigbrot\\\/\",\"name\":\"Sauerteigbrot I Hotel Albris Pontresina\",\"isPartOf\":{\"@id\":\"https:\\\/\\\/www.albris.ch\\\/#website\"},\"primaryImageOfPage\":{\"@id\":\"https:\\\/\\\/www.albris.ch\\\/sauerteigbrot\\\/#primaryimage\"},\"image\":{\"@id\":\"https:\\\/\\\/www.albris.ch\\\/sauerteigbrot\\\/#primaryimage\"},\"thumbnailUrl\":\"https:\\\/\\\/www.albris.ch\\\/wp-content\\\/uploads\\\/elementor\\\/thumbs\\\/albris_geschichte_03-o65uccmpxiali4k8lxjgc1uwd4r1qrk2t75puhx8k4.jpg\",\"datePublished\":\"2020-07-16T10:59:52+00:00\",\"dateModified\":\"2021-11-19T16:35:58+00:00\",\"description\":\"Brote mit Natursauerteig ben\u00f6tigen besonders viel Teigruhe. Das neue Kochend\u00f6rferbrot mit Sauerteigbrot hat 30 Stunden Ruhezeit hinter sich, bevor wir die runden Laibe in den Ofen schieben.\",\"breadcrumb\":{\"@id\":\"https:\\\/\\\/www.albris.ch\\\/sauerteigbrot\\\/#breadcrumb\"},\"inLanguage\":\"en-GB\",\"potentialAction\":[{\"@type\":\"ReadAction\",\"target\":[\"https:\\\/\\\/www.albris.ch\\\/sauerteigbrot\\\/\"]}]},{\"@type\":\"ImageObject\",\"inLanguage\":\"en-GB\",\"@id\":\"https:\\\/\\\/www.albris.ch\\\/sauerteigbrot\\\/#primaryimage\",\"url\":\"https:\\\/\\\/www.albris.ch\\\/wp-content\\\/uploads\\\/elementor\\\/thumbs\\\/albris_geschichte_03-o65uccmpxiali4k8lxjgc1uwd4r1qrk2t75puhx8k4.jpg\",\"contentUrl\":\"https:\\\/\\\/www.albris.ch\\\/wp-content\\\/uploads\\\/elementor\\\/thumbs\\\/albris_geschichte_03-o65uccmpxiali4k8lxjgc1uwd4r1qrk2t75puhx8k4.jpg\"},{\"@type\":\"BreadcrumbList\",\"@id\":\"https:\\\/\\\/www.albris.ch\\\/sauerteigbrot\\\/#breadcrumb\",\"itemListElement\":[{\"@type\":\"ListItem\",\"position\":1,\"name\":\"Home\",\"item\":\"https:\\\/\\\/www.albris.ch\\\/\"},{\"@type\":\"ListItem\",\"position\":2,\"name\":\"Sauerteigbrot\"}]},{\"@type\":\"WebSite\",\"@id\":\"https:\\\/\\\/www.albris.ch\\\/#website\",\"url\":\"https:\\\/\\\/www.albris.ch\\\/\",\"name\":\"Hotel Albris Pontresina\",\"description\":\"Der Name Kochend\u00f6rfer steht seit \u00fcber 100 Jahren f\u00fcr Tradition und hochwertigen Genuss.\",\"publisher\":{\"@id\":\"https:\\\/\\\/www.albris.ch\\\/#organization\"},\"potentialAction\":[{\"@type\":\"SearchAction\",\"target\":{\"@type\":\"EntryPoint\",\"urlTemplate\":\"https:\\\/\\\/www.albris.ch\\\/?s={search_term_string}\"},\"query-input\":{\"@type\":\"PropertyValueSpecification\",\"valueRequired\":true,\"valueName\":\"search_term_string\"}}],\"inLanguage\":\"en-GB\"},{\"@type\":\"Organization\",\"@id\":\"https:\\\/\\\/www.albris.ch\\\/#organization\",\"name\":\"Hotel Albris\",\"url\":\"https:\\\/\\\/www.albris.ch\\\/\",\"logo\":{\"@type\":\"ImageObject\",\"inLanguage\":\"en-GB\",\"@id\":\"https:\\\/\\\/www.albris.ch\\\/#\\\/schema\\\/logo\\\/image\\\/\",\"url\":\"https:\\\/\\\/www.albris.ch\\\/wp-content\\\/uploads\\\/2016\\\/08\\\/albris-logo@1x.png\",\"contentUrl\":\"https:\\\/\\\/www.albris.ch\\\/wp-content\\\/uploads\\\/2016\\\/08\\\/albris-logo@1x.png\",\"width\":182,\"height\":56,\"caption\":\"Hotel Albris\"},\"image\":{\"@id\":\"https:\\\/\\\/www.albris.ch\\\/#\\\/schema\\\/logo\\\/image\\\/\"},\"sameAs\":[\"https:\\\/\\\/www.facebook.com\\\/KOCHEND\u00d6RFERS-HOTEL-ALBRIS-Pontresina-Switzerland-133357763361393\"]}]}<\/script>\n<!-- \/ Yoast SEO plugin. -->","yoast_head_json":{"title":"Sourdough bread I Hotel Albris Pontresina","description":"Breads with natural sourdough need a lot of rest. The new Kochend\u00f6rferbrot with sourdough bread has 30 hours of rest before we put the round loaves in the oven.","robots":{"index":"index","follow":"follow","max-snippet":"max-snippet:-1","max-image-preview":"max-image-preview:large","max-video-preview":"max-video-preview:-1"},"canonical":"https:\/\/www.albris.ch\/en\/sour-dough-bread\/","og_locale":"en_GB","og_type":"article","og_title":"Sauerteigbrot I Hotel Albris Pontresina","og_description":"Brote mit Natursauerteig ben\u00f6tigen besonders viel Teigruhe. Das neue Kochend\u00f6rferbrot mit Sauerteigbrot hat 30 Stunden Ruhezeit hinter sich, bevor wir die runden Laibe in den Ofen schieben.","og_url":"https:\/\/www.albris.ch\/en\/sour-dough-bread\/","og_site_name":"Hotel Albris Pontresina","article_publisher":"https:\/\/www.facebook.com\/KOCHEND%c3%96RFERS-HOTEL-ALBRIS-Pontresina-Switzerland-133357763361393","article_modified_time":"2021-11-19T16:35:58+00:00","og_image":[{"url":"https:\/\/www.albris.ch\/wp-content\/uploads\/elementor\/thumbs\/albris_geschichte_03-o65uccmpxiali4k8lxjgc1uwd4r1qrk2t75puhx8k4.jpg","type":"","width":"","height":""}],"twitter_card":"summary_large_image","twitter_misc":{"Estimated reading time":"2 minutes"},"schema":{"@context":"https:\/\/schema.org","@graph":[{"@type":"WebPage","@id":"https:\/\/www.albris.ch\/sauerteigbrot\/","url":"https:\/\/www.albris.ch\/sauerteigbrot\/","name":"Sourdough bread I Hotel Albris Pontresina","isPartOf":{"@id":"https:\/\/www.albris.ch\/#website"},"primaryImageOfPage":{"@id":"https:\/\/www.albris.ch\/sauerteigbrot\/#primaryimage"},"image":{"@id":"https:\/\/www.albris.ch\/sauerteigbrot\/#primaryimage"},"thumbnailUrl":"https:\/\/www.albris.ch\/wp-content\/uploads\/elementor\/thumbs\/albris_geschichte_03-o65uccmpxiali4k8lxjgc1uwd4r1qrk2t75puhx8k4.jpg","datePublished":"2020-07-16T10:59:52+00:00","dateModified":"2021-11-19T16:35:58+00:00","description":"Breads with natural sourdough need a lot of rest. The new Kochend\u00f6rferbrot with sourdough bread has 30 hours of rest before we put the round loaves in the oven.","breadcrumb":{"@id":"https:\/\/www.albris.ch\/sauerteigbrot\/#breadcrumb"},"inLanguage":"en-GB","potentialAction":[{"@type":"ReadAction","target":["https:\/\/www.albris.ch\/sauerteigbrot\/"]}]},{"@type":"ImageObject","inLanguage":"en-GB","@id":"https:\/\/www.albris.ch\/sauerteigbrot\/#primaryimage","url":"https:\/\/www.albris.ch\/wp-content\/uploads\/elementor\/thumbs\/albris_geschichte_03-o65uccmpxiali4k8lxjgc1uwd4r1qrk2t75puhx8k4.jpg","contentUrl":"https:\/\/www.albris.ch\/wp-content\/uploads\/elementor\/thumbs\/albris_geschichte_03-o65uccmpxiali4k8lxjgc1uwd4r1qrk2t75puhx8k4.jpg"},{"@type":"BreadcrumbList","@id":"https:\/\/www.albris.ch\/sauerteigbrot\/#breadcrumb","itemListElement":[{"@type":"ListItem","position":1,"name":"Home","item":"https:\/\/www.albris.ch\/"},{"@type":"ListItem","position":2,"name":"Sauerteigbrot"}]},{"@type":"WebSite","@id":"https:\/\/www.albris.ch\/#website","url":"https:\/\/www.albris.ch\/","name":"Hotel Albris Pontresina","description":"The name Kochend\u00f6rfer has stood for tradition and high-quality enjoyment for over 100 years","publisher":{"@id":"https:\/\/www.albris.ch\/#organization"},"potentialAction":[{"@type":"SearchAction","target":{"@type":"EntryPoint","urlTemplate":"https:\/\/www.albris.ch\/?s={search_term_string}"},"query-input":{"@type":"PropertyValueSpecification","valueRequired":true,"valueName":"search_term_string"}}],"inLanguage":"en-GB"},{"@type":"Organization","@id":"https:\/\/www.albris.ch\/#organization","name":"Hotel Albris","url":"https:\/\/www.albris.ch\/","logo":{"@type":"ImageObject","inLanguage":"en-GB","@id":"https:\/\/www.albris.ch\/#\/schema\/logo\/image\/","url":"https:\/\/www.albris.ch\/wp-content\/uploads\/2016\/08\/albris-logo@1x.png","contentUrl":"https:\/\/www.albris.ch\/wp-content\/uploads\/2016\/08\/albris-logo@1x.png","width":182,"height":56,"caption":"Hotel Albris"},"image":{"@id":"https:\/\/www.albris.ch\/#\/schema\/logo\/image\/"},"sameAs":["https:\/\/www.facebook.com\/KOCHEND\u00d6RFERS-HOTEL-ALBRIS-Pontresina-Switzerland-133357763361393"]}]}},"_links":{"self":[{"href":"https:\/\/www.albris.ch\/en\/wp-json\/wp\/v2\/pages\/17731","targetHints":{"allow":["GET"]}}],"collection":[{"href":"https:\/\/www.albris.ch\/en\/wp-json\/wp\/v2\/pages"}],"about":[{"href":"https:\/\/www.albris.ch\/en\/wp-json\/wp\/v2\/types\/page"}],"author":[{"embeddable":true,"href":"https:\/\/www.albris.ch\/en\/wp-json\/wp\/v2\/users\/1"}],"replies":[{"embeddable":true,"href":"https:\/\/www.albris.ch\/en\/wp-json\/wp\/v2\/comments?post=17731"}],"version-history":[{"count":0,"href":"https:\/\/www.albris.ch\/en\/wp-json\/wp\/v2\/pages\/17731\/revisions"}],"wp:attachment":[{"href":"https:\/\/www.albris.ch\/en\/wp-json\/wp\/v2\/media?parent=17731"}],"curies":[{"name":"wp","href":"https:\/\/api.w.org\/{rel}","templated":true}]}}