{"id":24228,"date":"2023-02-20T14:24:52","date_gmt":"2023-02-20T13:24:52","guid":{"rendered":"https:\/\/www.albris.ch\/?page_id=24228"},"modified":"2024-07-09T12:02:10","modified_gmt":"2024-07-09T10:02:10","slug":"general-terms-and-conditions-for-dogs","status":"publish","type":"page","link":"https:\/\/www.albris.ch\/en\/agb-hunde\/","title":{"rendered":"Terms and conditions dogs"},"content":{"rendered":"<div data-elementor-type=\"wp-page\" data-elementor-id=\"24228\" class=\"elementor elementor-24228\" data-elementor-post-type=\"page\">\n\t\t\t\t\t\t<section class=\"elementor-section elementor-top-section elementor-element elementor-element-cce03e4 elementor-section-full_width elementor-section-height-default elementor-section-height-default\" data-id=\"cce03e4\" data-element_type=\"section\" data-e-type=\"section\">\n\t\t\t\t\t\t<div class=\"elementor-container elementor-column-gap-no\">\n\t\t\t\t\t<div class=\"elementor-column elementor-col-100 elementor-top-column elementor-element elementor-element-3a96b2a\" data-id=\"3a96b2a\" data-element_type=\"column\" data-e-type=\"column\">\n\t\t\t<div class=\"elementor-widget-wrap elementor-element-populated\">\n\t\t\t\t\t\t<div class=\"elementor-element elementor-element-54cca14 elementor-widget elementor-widget-template\" data-id=\"54cca14\" data-element_type=\"widget\" data-e-type=\"widget\" data-widget_type=\"template.default\">\n\t\t\t\t<div class=\"elementor-widget-container\">\n\t\t\t\t\t\t\t<div class=\"elementor-template\">\n\t\t\t\t\t<div data-elementor-type=\"section\" data-elementor-id=\"21726\" class=\"elementor elementor-21726\" data-elementor-post-type=\"elementor_library\">\n\t\t\t\t\t<section class=\"elementor-section elementor-top-section elementor-element elementor-element-632315 elementor-section-height-min-height elementor-section-boxed elementor-section-height-default elementor-section-items-middle\" data-id=\"632315\" data-element_type=\"section\" data-e-type=\"section\" data-settings=\"{&quot;background_background&quot;:&quot;classic&quot;}\">\n\t\t\t\t\t\t<div class=\"elementor-container elementor-column-gap-default\">\n\t\t\t\t\t<div class=\"elementor-column elementor-col-100 elementor-top-column elementor-element elementor-element-a68d8d\" data-id=\"a68d8d\" data-element_type=\"column\" data-e-type=\"column\">\n\t\t\t<div class=\"elementor-widget-wrap\">\n\t\t\t\t\t\t\t<\/div>\n\t\t<\/div>\n\t\t\t\t\t<\/div>\n\t\t<\/section>\n\t\t\t\t<\/div>\n\t\t\t\t<\/div>\n\t\t\t\t\t\t<\/div>\n\t\t\t\t<\/div>\n\t\t\t\t\t<\/div>\n\t\t<\/div>\n\t\t\t\t\t<\/div>\n\t\t<\/section>\n\t\t\t\t<section class=\"elementor-section elementor-top-section elementor-element elementor-element-f6a3231 elementor-section-boxed elementor-section-height-default elementor-section-height-default\" data-id=\"f6a3231\" data-element_type=\"section\" data-e-type=\"section\">\n\t\t\t\t\t\t<div class=\"elementor-container elementor-column-gap-no\">\n\t\t\t\t\t<div class=\"elementor-column elementor-col-100 elementor-top-column elementor-element elementor-element-8641f4b\" data-id=\"8641f4b\" data-element_type=\"column\" data-e-type=\"column\">\n\t\t\t<div class=\"elementor-widget-wrap elementor-element-populated\">\n\t\t\t\t\t\t<div class=\"elementor-element elementor-element-053728e elementor-widget elementor-widget-heading\" data-id=\"053728e\" data-element_type=\"widget\" data-e-type=\"widget\" data-widget_type=\"heading.default\">\n\t\t\t\t<div class=\"elementor-widget-container\">\n\t\t\t\t\t<h2 class=\"elementor-heading-title elementor-size-default\">Terms and conditions dogs<\/h2>\t\t\t\t<\/div>\n\t\t\t\t<\/div>\n\t\t\t\t<div class=\"elementor-element elementor-element-5db939b elementor-widget elementor-widget-text-editor\" data-id=\"5db939b\" data-element_type=\"widget\" data-e-type=\"widget\" data-widget_type=\"text-editor.default\">\n\t\t\t\t<div class=\"elementor-widget-container\">\n\t\t\t\t\t\t\t\t\t<p>Your four-legged companions are very welcome at Hotel Albris!<\/p><p>Please let us know when booking if you are bringing a dog (CHF 15 \/ night and dog).<\/p><p>Our guidelines for dog owners<\/p><p>In order to ensure a harmonious coexistence of guests and dogs, some rules apply in the Hotel Albris:<\/p><ul><li>Your dog is welcome to stay with us \u2013 with the proviso that it does not cause any damage or heavy soiling requiring repairs or additional cleaning; We would have to charge you for this. With liability insurance for your dog, you are on the safe side.<\/li><li>For the well-being of everyone, we ask you to keep your dogs on a leash in the hotel and on the hotel grounds, not to let them jump on upholstered furniture and beds, and not to take wet dogs into the hotel rooms and public areas. If you would like to wash your dog after a walk, you will find a washing station at the lower entrance. Please ask for towels at reception. To avoid damage and noise emissions, we ask you not to leave your dog unattended in the room for long periods of time.<\/li><li>For hygiene reasons, dogs are not allowed in the wellness area or in the Arvensaal. If you would like to take your dog with you to the restaurant or the green St\u00fcbli (half board), please let us know in advance. We ask you not to feed your dog in the restaurant.<\/li><li>Please contact the reception to arrange the time for the room cleaning and take the opportunity to walk your dog during the cleaning.<\/li><li>Please ensure that the dog does not make excessive noise or disturb other guests. If your dog proves to be dangerous, disruptive or a health hazard, we may have to request that you interrupt your stay with us.<\/li><\/ul><p>We thank you for your understanding and polite knowledge<\/p>\t\t\t\t\t\t\t\t<\/div>\n\t\t\t\t<\/div>\n\t\t\t\t\t<\/div>\n\t\t<\/div>\n\t\t\t\t\t<\/div>\n\t\t<\/section>\n\t\t\t\t<\/div>","protected":false},"excerpt":{"rendered":"<p>AGB Hunde Ihre vierbeinigen Begleiter sind im Hotel Albris herzlich willkommen! Bitte teilen Sie uns bei der Buchung mit, ob Sie einen Hund mitbringen (CHF 15 \/ Nacht und Hund). Unsere Richtlinien f\u00fcr Hundehalter Um ein harmonisches Nebeneinander von G\u00e4sten und Hunden zu gew\u00e4hrleisten, gelten im Hotel Albris einige Regeln: Ihr Hund kann gerne bei [&hellip;]<\/p>\n","protected":false},"author":1,"featured_media":0,"parent":0,"menu_order":0,"comment_status":"closed","ping_status":"closed","template":"","meta":{"footnotes":""},"class_list":["post-24228","page","type-page","status-publish","hentry"],"yoast_head":"<!-- This site is optimized with the Yoast SEO plugin v27.4 - https:\/\/yoast.com\/product\/yoast-seo-wordpress\/ -->\n<title>AGB Hunde - Hotel Albris Pontresina<\/title>\n<meta name=\"robots\" content=\"index, follow, max-snippet:-1, max-image-preview:large, max-video-preview:-1\" \/>\n<link rel=\"canonical\" href=\"https:\/\/www.albris.ch\/en\/general-terms-and-conditions-for-dogs\/\" \/>\n<meta property=\"og:locale\" content=\"en_GB\" \/>\n<meta property=\"og:type\" content=\"article\" \/>\n<meta property=\"og:title\" content=\"AGB Hunde - Hotel Albris Pontresina\" \/>\n<meta property=\"og:description\" content=\"AGB Hunde Ihre vierbeinigen Begleiter sind im Hotel Albris herzlich willkommen! Bitte teilen Sie uns bei der Buchung mit, ob Sie einen Hund mitbringen (CHF 15 \/ Nacht und Hund). Unsere Richtlinien f\u00fcr Hundehalter Um ein harmonisches Nebeneinander von G\u00e4sten und Hunden zu gew\u00e4hrleisten, gelten im Hotel Albris einige Regeln: Ihr Hund kann gerne bei [&hellip;]\" \/>\n<meta property=\"og:url\" content=\"https:\/\/www.albris.ch\/en\/general-terms-and-conditions-for-dogs\/\" \/>\n<meta property=\"og:site_name\" content=\"Hotel Albris Pontresina\" \/>\n<meta property=\"article:publisher\" content=\"https:\/\/www.facebook.com\/KOCHEND%c3%96RFERS-HOTEL-ALBRIS-Pontresina-Switzerland-133357763361393\" \/>\n<meta property=\"article:modified_time\" content=\"2024-07-09T10:02:10+00:00\" \/>\n<meta name=\"twitter:card\" content=\"summary_large_image\" \/>\n<meta name=\"twitter:label1\" content=\"Estimated reading time\" \/>\n\t<meta name=\"twitter:data1\" content=\"2 minutes\" \/>\n<script type=\"application\/ld+json\" class=\"yoast-schema-graph\">{\"@context\":\"https:\\\/\\\/schema.org\",\"@graph\":[{\"@type\":\"WebPage\",\"@id\":\"https:\\\/\\\/www.albris.ch\\\/agb-hunde\\\/\",\"url\":\"https:\\\/\\\/www.albris.ch\\\/agb-hunde\\\/\",\"name\":\"AGB Hunde - Hotel Albris Pontresina\",\"isPartOf\":{\"@id\":\"https:\\\/\\\/www.albris.ch\\\/#website\"},\"datePublished\":\"2023-02-20T13:24:52+00:00\",\"dateModified\":\"2024-07-09T10:02:10+00:00\",\"breadcrumb\":{\"@id\":\"https:\\\/\\\/www.albris.ch\\\/agb-hunde\\\/#breadcrumb\"},\"inLanguage\":\"en-GB\",\"potentialAction\":[{\"@type\":\"ReadAction\",\"target\":[\"https:\\\/\\\/www.albris.ch\\\/agb-hunde\\\/\"]}]},{\"@type\":\"BreadcrumbList\",\"@id\":\"https:\\\/\\\/www.albris.ch\\\/agb-hunde\\\/#breadcrumb\",\"itemListElement\":[{\"@type\":\"ListItem\",\"position\":1,\"name\":\"Home\",\"item\":\"https:\\\/\\\/www.albris.ch\\\/\"},{\"@type\":\"ListItem\",\"position\":2,\"name\":\"AGB Hunde\"}]},{\"@type\":\"WebSite\",\"@id\":\"https:\\\/\\\/www.albris.ch\\\/#website\",\"url\":\"https:\\\/\\\/www.albris.ch\\\/\",\"name\":\"Hotel Albris Pontresina\",\"description\":\"Der Name Kochend\u00f6rfer steht seit \u00fcber 100 Jahren f\u00fcr Tradition und hochwertigen Genuss.\",\"publisher\":{\"@id\":\"https:\\\/\\\/www.albris.ch\\\/#organization\"},\"potentialAction\":[{\"@type\":\"SearchAction\",\"target\":{\"@type\":\"EntryPoint\",\"urlTemplate\":\"https:\\\/\\\/www.albris.ch\\\/?s={search_term_string}\"},\"query-input\":{\"@type\":\"PropertyValueSpecification\",\"valueRequired\":true,\"valueName\":\"search_term_string\"}}],\"inLanguage\":\"en-GB\"},{\"@type\":\"Organization\",\"@id\":\"https:\\\/\\\/www.albris.ch\\\/#organization\",\"name\":\"Hotel Albris\",\"url\":\"https:\\\/\\\/www.albris.ch\\\/\",\"logo\":{\"@type\":\"ImageObject\",\"inLanguage\":\"en-GB\",\"@id\":\"https:\\\/\\\/www.albris.ch\\\/#\\\/schema\\\/logo\\\/image\\\/\",\"url\":\"https:\\\/\\\/www.albris.ch\\\/wp-content\\\/uploads\\\/2016\\\/08\\\/albris-logo@1x.png\",\"contentUrl\":\"https:\\\/\\\/www.albris.ch\\\/wp-content\\\/uploads\\\/2016\\\/08\\\/albris-logo@1x.png\",\"width\":182,\"height\":56,\"caption\":\"Hotel Albris\"},\"image\":{\"@id\":\"https:\\\/\\\/www.albris.ch\\\/#\\\/schema\\\/logo\\\/image\\\/\"},\"sameAs\":[\"https:\\\/\\\/www.facebook.com\\\/KOCHEND\u00d6RFERS-HOTEL-ALBRIS-Pontresina-Switzerland-133357763361393\"]}]}<\/script>\n<!-- \/ Yoast SEO plugin. -->","yoast_head_json":{"title":"General Terms and Conditions Dogs - Hotel Albris Pontresina","robots":{"index":"index","follow":"follow","max-snippet":"max-snippet:-1","max-image-preview":"max-image-preview:large","max-video-preview":"max-video-preview:-1"},"canonical":"https:\/\/www.albris.ch\/en\/general-terms-and-conditions-for-dogs\/","og_locale":"en_GB","og_type":"article","og_title":"AGB Hunde - Hotel Albris Pontresina","og_description":"AGB Hunde Ihre vierbeinigen Begleiter sind im Hotel Albris herzlich willkommen! Bitte teilen Sie uns bei der Buchung mit, ob Sie einen Hund mitbringen (CHF 15 \/ Nacht und Hund). Unsere Richtlinien f\u00fcr Hundehalter Um ein harmonisches Nebeneinander von G\u00e4sten und Hunden zu gew\u00e4hrleisten, gelten im Hotel Albris einige Regeln: Ihr Hund kann gerne bei [&hellip;]","og_url":"https:\/\/www.albris.ch\/en\/general-terms-and-conditions-for-dogs\/","og_site_name":"Hotel Albris Pontresina","article_publisher":"https:\/\/www.facebook.com\/KOCHEND%c3%96RFERS-HOTEL-ALBRIS-Pontresina-Switzerland-133357763361393","article_modified_time":"2024-07-09T10:02:10+00:00","twitter_card":"summary_large_image","twitter_misc":{"Estimated reading time":"2 minutes"},"schema":{"@context":"https:\/\/schema.org","@graph":[{"@type":"WebPage","@id":"https:\/\/www.albris.ch\/agb-hunde\/","url":"https:\/\/www.albris.ch\/agb-hunde\/","name":"General Terms and Conditions Dogs - Hotel Albris Pontresina","isPartOf":{"@id":"https:\/\/www.albris.ch\/#website"},"datePublished":"2023-02-20T13:24:52+00:00","dateModified":"2024-07-09T10:02:10+00:00","breadcrumb":{"@id":"https:\/\/www.albris.ch\/agb-hunde\/#breadcrumb"},"inLanguage":"en-GB","potentialAction":[{"@type":"ReadAction","target":["https:\/\/www.albris.ch\/agb-hunde\/"]}]},{"@type":"BreadcrumbList","@id":"https:\/\/www.albris.ch\/agb-hunde\/#breadcrumb","itemListElement":[{"@type":"ListItem","position":1,"name":"Home","item":"https:\/\/www.albris.ch\/"},{"@type":"ListItem","position":2,"name":"AGB Hunde"}]},{"@type":"WebSite","@id":"https:\/\/www.albris.ch\/#website","url":"https:\/\/www.albris.ch\/","name":"Hotel Albris Pontresina","description":"The name Kochend\u00f6rfer has stood for tradition and high-quality enjoyment for over 100 years","publisher":{"@id":"https:\/\/www.albris.ch\/#organization"},"potentialAction":[{"@type":"SearchAction","target":{"@type":"EntryPoint","urlTemplate":"https:\/\/www.albris.ch\/?s={search_term_string}"},"query-input":{"@type":"PropertyValueSpecification","valueRequired":true,"valueName":"search_term_string"}}],"inLanguage":"en-GB"},{"@type":"Organization","@id":"https:\/\/www.albris.ch\/#organization","name":"Hotel Albris","url":"https:\/\/www.albris.ch\/","logo":{"@type":"ImageObject","inLanguage":"en-GB","@id":"https:\/\/www.albris.ch\/#\/schema\/logo\/image\/","url":"https:\/\/www.albris.ch\/wp-content\/uploads\/2016\/08\/albris-logo@1x.png","contentUrl":"https:\/\/www.albris.ch\/wp-content\/uploads\/2016\/08\/albris-logo@1x.png","width":182,"height":56,"caption":"Hotel Albris"},"image":{"@id":"https:\/\/www.albris.ch\/#\/schema\/logo\/image\/"},"sameAs":["https:\/\/www.facebook.com\/KOCHEND\u00d6RFERS-HOTEL-ALBRIS-Pontresina-Switzerland-133357763361393"]}]}},"_links":{"self":[{"href":"https:\/\/www.albris.ch\/en\/wp-json\/wp\/v2\/pages\/24228","targetHints":{"allow":["GET"]}}],"collection":[{"href":"https:\/\/www.albris.ch\/en\/wp-json\/wp\/v2\/pages"}],"about":[{"href":"https:\/\/www.albris.ch\/en\/wp-json\/wp\/v2\/types\/page"}],"author":[{"embeddable":true,"href":"https:\/\/www.albris.ch\/en\/wp-json\/wp\/v2\/users\/1"}],"replies":[{"embeddable":true,"href":"https:\/\/www.albris.ch\/en\/wp-json\/wp\/v2\/comments?post=24228"}],"version-history":[{"count":0,"href":"https:\/\/www.albris.ch\/en\/wp-json\/wp\/v2\/pages\/24228\/revisions"}],"wp:attachment":[{"href":"https:\/\/www.albris.ch\/en\/wp-json\/wp\/v2\/media?parent=24228"}],"curies":[{"name":"wp","href":"https:\/\/api.w.org\/{rel}","templated":true}]}}