{"id":3882,"date":"2015-08-26T19:00:56","date_gmt":"2015-08-26T19:00:56","guid":{"rendered":"http:\/\/impreza.us-themes.net\/my-account\/"},"modified":"2021-11-19T13:01:36","modified_gmt":"2021-11-19T12:01:36","slug":"my-account","status":"publish","type":"page","link":"https:\/\/www.albris.ch\/en\/my-account\/","title":{"rendered":"My Account"},"content":{"rendered":"<div data-elementor-type=\"wp-page\" data-elementor-id=\"3882\" class=\"elementor elementor-3882\" data-elementor-post-type=\"page\">\n\t\t\t\t\t\t<section class=\"elementor-section elementor-top-section elementor-element elementor-element-1f8e3a1 elementor-section-full_width elementor-section-height-default elementor-section-height-default\" data-id=\"1f8e3a1\" data-element_type=\"section\" data-e-type=\"section\">\n\t\t\t\t\t\t<div class=\"elementor-container elementor-column-gap-no\">\n\t\t\t\t\t<div class=\"elementor-column elementor-col-100 elementor-top-column elementor-element elementor-element-06842ca\" data-id=\"06842ca\" data-element_type=\"column\" data-e-type=\"column\">\n\t\t\t<div class=\"elementor-widget-wrap elementor-element-populated\">\n\t\t\t\t\t\t<div class=\"elementor-element elementor-element-6ed842e elementor-widget elementor-widget-template\" data-id=\"6ed842e\" data-element_type=\"widget\" data-e-type=\"widget\" data-widget_type=\"template.default\">\n\t\t\t\t<div class=\"elementor-widget-container\">\n\t\t\t\t\t\t\t<div class=\"elementor-template\">\n\t\t\t\t\t<div data-elementor-type=\"section\" data-elementor-id=\"21726\" class=\"elementor elementor-21726\" data-elementor-post-type=\"elementor_library\">\n\t\t\t\t\t<section class=\"elementor-section elementor-top-section elementor-element elementor-element-632315 elementor-section-height-min-height elementor-section-boxed elementor-section-height-default elementor-section-items-middle\" data-id=\"632315\" data-element_type=\"section\" data-e-type=\"section\" data-settings=\"{&quot;background_background&quot;:&quot;classic&quot;}\">\n\t\t\t\t\t\t<div class=\"elementor-container elementor-column-gap-default\">\n\t\t\t\t\t<div class=\"elementor-column elementor-col-100 elementor-top-column elementor-element elementor-element-a68d8d\" data-id=\"a68d8d\" data-element_type=\"column\" data-e-type=\"column\">\n\t\t\t<div class=\"elementor-widget-wrap\">\n\t\t\t\t\t\t\t<\/div>\n\t\t<\/div>\n\t\t\t\t\t<\/div>\n\t\t<\/section>\n\t\t\t\t<\/div>\n\t\t\t\t<\/div>\n\t\t\t\t\t\t<\/div>\n\t\t\t\t<\/div>\n\t\t\t\t\t<\/div>\n\t\t<\/div>\n\t\t\t\t\t<\/div>\n\t\t<\/section>\n\t\t\t\t<section class=\"elementor-section elementor-top-section elementor-element elementor-element-4c1d906 elementor-section-boxed elementor-section-height-default elementor-section-height-default\" data-id=\"4c1d906\" data-element_type=\"section\" data-e-type=\"section\">\n\t\t\t\t\t\t<div class=\"elementor-container elementor-column-gap-no\">\n\t\t\t\t\t<div class=\"elementor-column elementor-col-100 elementor-top-column elementor-element elementor-element-5cc9169\" data-id=\"5cc9169\" data-element_type=\"column\" data-e-type=\"column\">\n\t\t\t<div class=\"elementor-widget-wrap elementor-element-populated\">\n\t\t\t\t\t\t<div class=\"elementor-element elementor-element-d478718 elementor-widget elementor-widget-heading\" data-id=\"d478718\" data-element_type=\"widget\" data-e-type=\"widget\" data-widget_type=\"heading.default\">\n\t\t\t\t<div class=\"elementor-widget-container\">\n\t\t\t\t\t<h5 class=\"elementor-heading-title elementor-size-default\">Welcome to our online shop\n<\/h5>\t\t\t\t<\/div>\n\t\t\t\t<\/div>\n\t\t\t\t<div class=\"elementor-element elementor-element-1529073 elementor-widget elementor-widget-heading\" data-id=\"1529073\" data-element_type=\"widget\" data-e-type=\"widget\" data-widget_type=\"heading.default\">\n\t\t\t\t<div class=\"elementor-widget-container\">\n\t\t\t\t\t<h1 class=\"elementor-heading-title elementor-size-default\">My account<\/h1>\t\t\t\t<\/div>\n\t\t\t\t<\/div>\n\t\t\t\t\t<\/div>\n\t\t<\/div>\n\t\t\t\t\t<\/div>\n\t\t<\/section>\n\t\t\t\t<section class=\"elementor-section elementor-top-section elementor-element elementor-element-34bb5df elementor-section-boxed elementor-section-height-default elementor-section-height-default\" data-id=\"34bb5df\" data-element_type=\"section\" data-e-type=\"section\">\n\t\t\t\t\t\t<div class=\"elementor-container elementor-column-gap-no\">\n\t\t\t\t\t<div class=\"elementor-column elementor-col-100 elementor-top-column elementor-element elementor-element-46dd052\" data-id=\"46dd052\" data-element_type=\"column\" data-e-type=\"column\">\n\t\t\t<div class=\"elementor-widget-wrap elementor-element-populated\">\n\t\t\t\t\t\t<div class=\"elementor-element elementor-element-45000f8 e-my-account-tabs-vertical elementor-widget elementor-widget-woocommerce-my-account\" data-id=\"45000f8\" data-element_type=\"widget\" data-e-type=\"widget\" data-widget_type=\"woocommerce-my-account.default\">\n\t\t\t\t<div class=\"elementor-widget-container\">\n\t\t\t\t\t<div class=\"e-my-account-tab e-my-account-tab__\">\t\t\t<div class=\"woocommerce\"><\/div>\t\t<\/div>\n\t\t\t\t\t\t<\/div>\n\t\t\t\t<\/div>\n\t\t\t\t\t<\/div>\n\t\t<\/div>\n\t\t\t\t\t<\/div>\n\t\t<\/section>\n\t\t\t\t<\/div>","protected":false},"excerpt":{"rendered":"<p>Welcome to our online shop My Account Dashboard Orders Addresses Account Details Logout Hi Admin Cloud Connection (not Admin Cloud Connection? Logout) From your Account- Dashboard you can view your recent orders, your shipping- and billing addresses and edit your password and account. details<\/p>","protected":false},"author":1,"featured_media":0,"parent":0,"menu_order":0,"comment_status":"closed","ping_status":"closed","template":"","meta":{"footnotes":""},"class_list":["post-3882","page","type-page","status-publish","hentry"],"yoast_head":"<!-- This site is optimized with the Yoast SEO plugin v27.4 - https:\/\/yoast.com\/product\/yoast-seo-wordpress\/ -->\n<title>My Account - Hotel Albris Pontresina<\/title>\n<meta name=\"robots\" content=\"index, follow, max-snippet:-1, max-image-preview:large, max-video-preview:-1\" \/>\n<link rel=\"canonical\" href=\"https:\/\/www.albris.ch\/en\/my-account\/\" \/>\n<meta property=\"og:locale\" content=\"en_GB\" \/>\n<meta property=\"og:type\" content=\"article\" \/>\n<meta property=\"og:title\" content=\"My Account - Hotel Albris Pontresina\" \/>\n<meta property=\"og:description\" content=\"Willkommen in unserem Online Shop Mein Konto Dashboard Bestellungen Adressen Kontodetails Abmelden Hallo Admin Cloud Connection (nicht Admin Cloud Connection? Abmelden) Von Ihrem Konto-Dashboard aus k\u00f6nnen Sie Ihre letzten Bestellungen einsehen, Ihre Versand- und Rechnungsadressen und Passwort und Kontodetails bearbeiten.\" \/>\n<meta property=\"og:url\" content=\"https:\/\/www.albris.ch\/en\/my-account\/\" \/>\n<meta property=\"og:site_name\" content=\"Hotel Albris Pontresina\" \/>\n<meta property=\"article:publisher\" content=\"https:\/\/www.facebook.com\/KOCHEND%c3%96RFERS-HOTEL-ALBRIS-Pontresina-Switzerland-133357763361393\" \/>\n<meta property=\"article:modified_time\" content=\"2021-11-19T12:01:36+00:00\" \/>\n<meta name=\"twitter:card\" content=\"summary_large_image\" \/>\n<meta name=\"twitter:label1\" content=\"Estimated reading time\" \/>\n\t<meta name=\"twitter:data1\" content=\"1 minute\" \/>\n<script type=\"application\/ld+json\" class=\"yoast-schema-graph\">{\"@context\":\"https:\\\/\\\/schema.org\",\"@graph\":[{\"@type\":\"WebPage\",\"@id\":\"https:\\\/\\\/www.albris.ch\\\/en\\\/my-account\\\/\",\"url\":\"https:\\\/\\\/www.albris.ch\\\/en\\\/my-account\\\/\",\"name\":\"My Account - Hotel Albris Pontresina\",\"isPartOf\":{\"@id\":\"https:\\\/\\\/www.albris.ch\\\/#website\"},\"datePublished\":\"2015-08-26T19:00:56+00:00\",\"dateModified\":\"2021-11-19T12:01:36+00:00\",\"breadcrumb\":{\"@id\":\"https:\\\/\\\/www.albris.ch\\\/en\\\/my-account\\\/#breadcrumb\"},\"inLanguage\":\"en-GB\",\"potentialAction\":[{\"@type\":\"ReadAction\",\"target\":[\"https:\\\/\\\/www.albris.ch\\\/en\\\/my-account\\\/\"]}]},{\"@type\":\"BreadcrumbList\",\"@id\":\"https:\\\/\\\/www.albris.ch\\\/en\\\/my-account\\\/#breadcrumb\",\"itemListElement\":[{\"@type\":\"ListItem\",\"position\":1,\"name\":\"Home\",\"item\":\"https:\\\/\\\/www.albris.ch\\\/\"},{\"@type\":\"ListItem\",\"position\":2,\"name\":\"My Account\"}]},{\"@type\":\"WebSite\",\"@id\":\"https:\\\/\\\/www.albris.ch\\\/#website\",\"url\":\"https:\\\/\\\/www.albris.ch\\\/\",\"name\":\"Hotel Albris Pontresina\",\"description\":\"Der Name Kochend\u00f6rfer steht seit \u00fcber 100 Jahren f\u00fcr Tradition und hochwertigen Genuss.\",\"publisher\":{\"@id\":\"https:\\\/\\\/www.albris.ch\\\/#organization\"},\"potentialAction\":[{\"@type\":\"SearchAction\",\"target\":{\"@type\":\"EntryPoint\",\"urlTemplate\":\"https:\\\/\\\/www.albris.ch\\\/?s={search_term_string}\"},\"query-input\":{\"@type\":\"PropertyValueSpecification\",\"valueRequired\":true,\"valueName\":\"search_term_string\"}}],\"inLanguage\":\"en-GB\"},{\"@type\":\"Organization\",\"@id\":\"https:\\\/\\\/www.albris.ch\\\/#organization\",\"name\":\"Hotel Albris\",\"url\":\"https:\\\/\\\/www.albris.ch\\\/\",\"logo\":{\"@type\":\"ImageObject\",\"inLanguage\":\"en-GB\",\"@id\":\"https:\\\/\\\/www.albris.ch\\\/#\\\/schema\\\/logo\\\/image\\\/\",\"url\":\"https:\\\/\\\/www.albris.ch\\\/wp-content\\\/uploads\\\/2016\\\/08\\\/albris-logo@1x.png\",\"contentUrl\":\"https:\\\/\\\/www.albris.ch\\\/wp-content\\\/uploads\\\/2016\\\/08\\\/albris-logo@1x.png\",\"width\":182,\"height\":56,\"caption\":\"Hotel Albris\"},\"image\":{\"@id\":\"https:\\\/\\\/www.albris.ch\\\/#\\\/schema\\\/logo\\\/image\\\/\"},\"sameAs\":[\"https:\\\/\\\/www.facebook.com\\\/KOCHEND\u00d6RFERS-HOTEL-ALBRIS-Pontresina-Switzerland-133357763361393\"]}]}<\/script>\n<!-- \/ Yoast SEO plugin. -->","yoast_head_json":{"title":"My Account - Hotel Albris Pontresina","robots":{"index":"index","follow":"follow","max-snippet":"max-snippet:-1","max-image-preview":"max-image-preview:large","max-video-preview":"max-video-preview:-1"},"canonical":"https:\/\/www.albris.ch\/en\/my-account\/","og_locale":"en_GB","og_type":"article","og_title":"My Account - Hotel Albris Pontresina","og_description":"Willkommen in unserem Online Shop Mein Konto Dashboard Bestellungen Adressen Kontodetails Abmelden Hallo Admin Cloud Connection (nicht Admin Cloud Connection? Abmelden) Von Ihrem Konto-Dashboard aus k\u00f6nnen Sie Ihre letzten Bestellungen einsehen, Ihre Versand- und Rechnungsadressen und Passwort und Kontodetails bearbeiten.","og_url":"https:\/\/www.albris.ch\/en\/my-account\/","og_site_name":"Hotel Albris Pontresina","article_publisher":"https:\/\/www.facebook.com\/KOCHEND%c3%96RFERS-HOTEL-ALBRIS-Pontresina-Switzerland-133357763361393","article_modified_time":"2021-11-19T12:01:36+00:00","twitter_card":"summary_large_image","twitter_misc":{"Estimated reading time":"1 minute"},"schema":{"@context":"https:\/\/schema.org","@graph":[{"@type":"WebPage","@id":"https:\/\/www.albris.ch\/en\/my-account\/","url":"https:\/\/www.albris.ch\/en\/my-account\/","name":"My Account - Hotel Albris Pontresina","isPartOf":{"@id":"https:\/\/www.albris.ch\/#website"},"datePublished":"2015-08-26T19:00:56+00:00","dateModified":"2021-11-19T12:01:36+00:00","breadcrumb":{"@id":"https:\/\/www.albris.ch\/en\/my-account\/#breadcrumb"},"inLanguage":"en-GB","potentialAction":[{"@type":"ReadAction","target":["https:\/\/www.albris.ch\/en\/my-account\/"]}]},{"@type":"BreadcrumbList","@id":"https:\/\/www.albris.ch\/en\/my-account\/#breadcrumb","itemListElement":[{"@type":"ListItem","position":1,"name":"Home","item":"https:\/\/www.albris.ch\/"},{"@type":"ListItem","position":2,"name":"My Account"}]},{"@type":"WebSite","@id":"https:\/\/www.albris.ch\/#website","url":"https:\/\/www.albris.ch\/","name":"Hotel Albris Pontresina","description":"The name Kochend\u00f6rfer has stood for tradition and high-quality enjoyment for over 100 years","publisher":{"@id":"https:\/\/www.albris.ch\/#organization"},"potentialAction":[{"@type":"SearchAction","target":{"@type":"EntryPoint","urlTemplate":"https:\/\/www.albris.ch\/?s={search_term_string}"},"query-input":{"@type":"PropertyValueSpecification","valueRequired":true,"valueName":"search_term_string"}}],"inLanguage":"en-GB"},{"@type":"Organization","@id":"https:\/\/www.albris.ch\/#organization","name":"Hotel Albris","url":"https:\/\/www.albris.ch\/","logo":{"@type":"ImageObject","inLanguage":"en-GB","@id":"https:\/\/www.albris.ch\/#\/schema\/logo\/image\/","url":"https:\/\/www.albris.ch\/wp-content\/uploads\/2016\/08\/albris-logo@1x.png","contentUrl":"https:\/\/www.albris.ch\/wp-content\/uploads\/2016\/08\/albris-logo@1x.png","width":182,"height":56,"caption":"Hotel Albris"},"image":{"@id":"https:\/\/www.albris.ch\/#\/schema\/logo\/image\/"},"sameAs":["https:\/\/www.facebook.com\/KOCHEND\u00d6RFERS-HOTEL-ALBRIS-Pontresina-Switzerland-133357763361393"]}]}},"_links":{"self":[{"href":"https:\/\/www.albris.ch\/en\/wp-json\/wp\/v2\/pages\/3882","targetHints":{"allow":["GET"]}}],"collection":[{"href":"https:\/\/www.albris.ch\/en\/wp-json\/wp\/v2\/pages"}],"about":[{"href":"https:\/\/www.albris.ch\/en\/wp-json\/wp\/v2\/types\/page"}],"author":[{"embeddable":true,"href":"https:\/\/www.albris.ch\/en\/wp-json\/wp\/v2\/users\/1"}],"replies":[{"embeddable":true,"href":"https:\/\/www.albris.ch\/en\/wp-json\/wp\/v2\/comments?post=3882"}],"version-history":[{"count":0,"href":"https:\/\/www.albris.ch\/en\/wp-json\/wp\/v2\/pages\/3882\/revisions"}],"wp:attachment":[{"href":"https:\/\/www.albris.ch\/en\/wp-json\/wp\/v2\/media?parent=3882"}],"curies":[{"name":"wp","href":"https:\/\/api.w.org\/{rel}","templated":true}]}}