{"id":5367,"date":"2016-08-18T17:20:56","date_gmt":"2016-08-18T15:20:56","guid":{"rendered":"https:\/\/www.albris.ch\/?page_id=5367"},"modified":"2024-12-12T11:58:58","modified_gmt":"2024-12-12T10:58:58","slug":"imprint","status":"publish","type":"page","link":"https:\/\/www.albris.ch\/en\/impressum\/","title":{"rendered":"Imprint"},"content":{"rendered":"<div data-elementor-type=\"wp-page\" data-elementor-id=\"5367\" class=\"elementor elementor-5367\" data-elementor-post-type=\"page\">\n\t\t\t\t\t\t<section class=\"elementor-section elementor-top-section elementor-element elementor-element-e65af0f elementor-section-content-bottom cc_ondark elementor-section-full_width elementor-section-height-default elementor-section-height-default\" data-id=\"e65af0f\" data-element_type=\"section\" data-e-type=\"section\" data-settings=\"{&quot;background_background&quot;:&quot;classic&quot;}\">\n\t\t\t\t\t\t\t<div class=\"elementor-background-overlay\"><\/div>\n\t\t\t\t\t\t\t<div class=\"elementor-container elementor-column-gap-default\">\n\t\t\t\t\t<div class=\"elementor-column elementor-col-100 elementor-top-column elementor-element elementor-element-fe5d3de\" data-id=\"fe5d3de\" data-element_type=\"column\" data-e-type=\"column\" data-settings=\"{&quot;background_background&quot;:&quot;classic&quot;}\">\n\t\t\t<div class=\"elementor-widget-wrap elementor-element-populated\">\n\t\t\t\t\t<div class=\"elementor-background-overlay\"><\/div>\n\t\t\t\t\t\t<div class=\"elementor-element elementor-element-4db69ea elementor-widget elementor-widget-spacer\" data-id=\"4db69ea\" data-element_type=\"widget\" data-e-type=\"widget\" data-widget_type=\"spacer.default\">\n\t\t\t\t<div class=\"elementor-widget-container\">\n\t\t\t\t\t\t\t<div class=\"elementor-spacer\">\n\t\t\t<div class=\"elementor-spacer-inner\"><\/div>\n\t\t<\/div>\n\t\t\t\t\t\t<\/div>\n\t\t\t\t<\/div>\n\t\t\t\t\t<\/div>\n\t\t<\/div>\n\t\t\t\t\t<\/div>\n\t\t<\/section>\n\t\t\t\t<section class=\"elementor-section elementor-top-section elementor-element elementor-element-67fe295 elementor-section-boxed elementor-section-height-default elementor-section-height-default\" data-id=\"67fe295\" data-element_type=\"section\" data-e-type=\"section\">\n\t\t\t\t\t\t<div class=\"elementor-container elementor-column-gap-no\">\n\t\t\t\t\t<div class=\"elementor-column elementor-col-100 elementor-top-column elementor-element elementor-element-c443b75\" data-id=\"c443b75\" data-element_type=\"column\" data-e-type=\"column\">\n\t\t\t<div class=\"elementor-widget-wrap elementor-element-populated\">\n\t\t\t\t\t\t<div class=\"elementor-element elementor-element-4c540bd elementor-widget elementor-widget-heading\" data-id=\"4c540bd\" data-element_type=\"widget\" data-e-type=\"widget\" data-widget_type=\"heading.default\">\n\t\t\t\t<div class=\"elementor-widget-container\">\n\t\t\t\t\t<h5 class=\"elementor-heading-title elementor-size-default\">Publisher\n<\/h5>\t\t\t\t<\/div>\n\t\t\t\t<\/div>\n\t\t\t\t<div class=\"elementor-element elementor-element-a46c9c5 elementor-widget elementor-widget-heading\" data-id=\"a46c9c5\" data-element_type=\"widget\" data-e-type=\"widget\" data-widget_type=\"heading.default\">\n\t\t\t\t<div class=\"elementor-widget-container\">\n\t\t\t\t\t<h2 class=\"elementor-heading-title elementor-size-default\">Hotel Albris AG<\/h2>\t\t\t\t<\/div>\n\t\t\t\t<\/div>\n\t\t\t\t<div class=\"elementor-element elementor-element-42c7494 elementor-widget elementor-widget-text-editor\" data-id=\"42c7494\" data-element_type=\"widget\" data-e-type=\"widget\" data-widget_type=\"text-editor.default\">\n\t\t\t\t<div class=\"elementor-widget-container\">\n\t\t\t\t\t\t\t\t\t<p>Via Maistra 228<br \/>7504 Pontresina<br \/>Switzerland<\/p><p>Tel. <a href=\"tel:+41818388040\">+41 81 838 80 40<\/a><br \/>Email:<a href=\"mailto:hotel@albris.ch\"> hotel@albris.ch<\/a><\/p>\t\t\t\t\t\t\t\t<\/div>\n\t\t\t\t<\/div>\n\t\t\t\t<div class=\"elementor-element elementor-element-fe0433b elementor-widget-divider--view-line elementor-widget elementor-widget-divider\" data-id=\"fe0433b\" data-element_type=\"widget\" data-e-type=\"widget\" data-widget_type=\"divider.default\">\n\t\t\t\t<div class=\"elementor-widget-container\">\n\t\t\t\t\t\t\t<div class=\"elementor-divider\">\n\t\t\t<span class=\"elementor-divider-separator\">\n\t\t\t\t\t\t<\/span>\n\t\t<\/div>\n\t\t\t\t\t\t<\/div>\n\t\t\t\t<\/div>\n\t\t\t\t<div class=\"elementor-element elementor-element-6993e9c elementor-widget elementor-widget-heading\" data-id=\"6993e9c\" data-element_type=\"widget\" data-e-type=\"widget\" data-widget_type=\"heading.default\">\n\t\t\t\t<div class=\"elementor-widget-container\">\n\t\t\t\t\t<h5 class=\"elementor-heading-title elementor-size-default\">Concept, Design &amp; Development<\/h5>\t\t\t\t<\/div>\n\t\t\t\t<\/div>\n\t\t\t\t<div class=\"elementor-element elementor-element-939b30e elementor-widget elementor-widget-heading\" data-id=\"939b30e\" data-element_type=\"widget\" data-e-type=\"widget\" data-widget_type=\"heading.default\">\n\t\t\t\t<div class=\"elementor-widget-container\">\n\t\t\t\t\t<h2 class=\"elementor-heading-title elementor-size-default\">Design Terminal GmbH<\/h2>\t\t\t\t<\/div>\n\t\t\t\t<\/div>\n\t\t\t\t<div class=\"elementor-element elementor-element-7eff3b0 elementor-widget elementor-widget-text-editor\" data-id=\"7eff3b0\" data-element_type=\"widget\" data-e-type=\"widget\" data-widget_type=\"text-editor.default\">\n\t\t\t\t<div class=\"elementor-widget-container\">\n\t\t\t\t\t\t\t\t\t<p>by Gian Reto Furger<br \/>Via dal Bagn 22<br \/>7500 St. Moritz<br \/>Switzerland<\/p><p>Email:\u00a0<a href=\"mailto:hello@design-terminal.com\">hello@design-terminal.com<\/a><br \/>Web:\u00a0<a href=\"https:\/\/www.design-terminal.com\" target=\"_blank\" rel=\"noopener\">www.design-terminal.com<\/a><\/p>\t\t\t\t\t\t\t\t<\/div>\n\t\t\t\t<\/div>\n\t\t\t\t<div class=\"elementor-element elementor-element-5319d6a elementor-widget-divider--view-line elementor-widget elementor-widget-divider\" data-id=\"5319d6a\" data-element_type=\"widget\" data-e-type=\"widget\" data-widget_type=\"divider.default\">\n\t\t\t\t<div class=\"elementor-widget-container\">\n\t\t\t\t\t\t\t<div class=\"elementor-divider\">\n\t\t\t<span class=\"elementor-divider-separator\">\n\t\t\t\t\t\t<\/span>\n\t\t<\/div>\n\t\t\t\t\t\t<\/div>\n\t\t\t\t<\/div>\n\t\t\t\t<div class=\"elementor-element elementor-element-9ae2fb5 elementor-widget elementor-widget-heading\" data-id=\"9ae2fb5\" data-element_type=\"widget\" data-e-type=\"widget\" data-widget_type=\"heading.default\">\n\t\t\t\t<div class=\"elementor-widget-container\">\n\t\t\t\t\t<h5 class=\"elementor-heading-title elementor-size-default\">Photos &amp; Videos<\/h5>\t\t\t\t<\/div>\n\t\t\t\t<\/div>\n\t\t\t\t<div class=\"elementor-element elementor-element-15e8de3 elementor-widget elementor-widget-heading\" data-id=\"15e8de3\" data-element_type=\"widget\" data-e-type=\"widget\" data-widget_type=\"heading.default\">\n\t\t\t\t<div class=\"elementor-widget-container\">\n\t\t\t\t\t<h2 class=\"elementor-heading-title elementor-size-default\">Andrea Furger<\/h2>\t\t\t\t<\/div>\n\t\t\t\t<\/div>\n\t\t\t\t<div class=\"elementor-element elementor-element-bfcc879 elementor-widget elementor-widget-text-editor\" data-id=\"bfcc879\" data-element_type=\"widget\" data-e-type=\"widget\" data-widget_type=\"text-editor.default\">\n\t\t\t\t<div class=\"elementor-widget-container\">\n\t\t\t\t\t\t\t\t\t<p>Email:\u00a0<a href=\"mailto:info@andreafurger.com\">info@andreafurger.com<\/a><br \/>Web:\u00a0<a href=\"https:\/\/www.andreafurger.com\/\" target=\"_blank\" rel=\"noopener\">www.andreafurger.com<\/a><\/p>\t\t\t\t\t\t\t\t<\/div>\n\t\t\t\t<\/div>\n\t\t\t\t<div class=\"elementor-element elementor-element-fee06cc elementor-widget elementor-widget-heading\" data-id=\"fee06cc\" data-element_type=\"widget\" data-e-type=\"widget\" data-widget_type=\"heading.default\">\n\t\t\t\t<div class=\"elementor-widget-container\">\n\t\t\t\t\t<h5 class=\"elementor-heading-title elementor-size-default\">More photos<\/h5>\t\t\t\t<\/div>\n\t\t\t\t<\/div>\n\t\t\t\t<div class=\"elementor-element elementor-element-e8aa718 elementor-widget elementor-widget-heading\" data-id=\"e8aa718\" data-element_type=\"widget\" data-e-type=\"widget\" data-widget_type=\"heading.default\">\n\t\t\t\t<div class=\"elementor-widget-container\">\n\t\t\t\t\t<h2 class=\"elementor-heading-title elementor-size-default\">Gian Andri Giovanoli<\/h2>\t\t\t\t<\/div>\n\t\t\t\t<\/div>\n\t\t\t\t<div class=\"elementor-element elementor-element-50ad3d2 elementor-widget elementor-widget-text-editor\" data-id=\"50ad3d2\" data-element_type=\"widget\" data-e-type=\"widget\" data-widget_type=\"text-editor.default\">\n\t\t\t\t<div class=\"elementor-widget-container\">\n\t\t\t\t\t\t\t\t\t<p>Email:\u00a0<a href=\"mailto:info@giangiovanoli.com\">info@giangiovanoli.com<\/a><br \/>Web:\u00a0<a href=\"https:\/\/www.giangiovanoli.com\/\" target=\"_blank\" rel=\"noopener\">www.giangiovanoli.com<\/a><\/p>\t\t\t\t\t\t\t\t<\/div>\n\t\t\t\t<\/div>\n\t\t\t\t<div class=\"elementor-element elementor-element-34f2ac2 elementor-widget elementor-widget-text-editor\" data-id=\"34f2ac2\" data-element_type=\"widget\" data-e-type=\"widget\" data-widget_type=\"text-editor.default\">\n\t\t\t\t<div class=\"elementor-widget-container\">\n\t\t\t\t\t\t\t\t\t<p><strong>Additional photos<\/strong><br \/>F\u00e4hndrich Sport AG<br \/>Pontresina Sports AG, Stephan M\u00fcller<br \/>Pontresina Tourism<br \/>Engadin St. Moritz Tourismus AG<\/p><p>\u00a0<\/p>\t\t\t\t\t\t\t\t<\/div>\n\t\t\t\t<\/div>\n\t\t\t\t<div class=\"elementor-element elementor-element-481887a elementor-widget-divider--view-line elementor-widget elementor-widget-divider\" data-id=\"481887a\" data-element_type=\"widget\" data-e-type=\"widget\" data-widget_type=\"divider.default\">\n\t\t\t\t<div class=\"elementor-widget-container\">\n\t\t\t\t\t\t\t<div class=\"elementor-divider\">\n\t\t\t<span class=\"elementor-divider-separator\">\n\t\t\t\t\t\t<\/span>\n\t\t<\/div>\n\t\t\t\t\t\t<\/div>\n\t\t\t\t<\/div>\n\t\t\t\t<div class=\"elementor-element elementor-element-af95579 elementor-widget elementor-widget-heading\" data-id=\"af95579\" data-element_type=\"widget\" data-e-type=\"widget\" data-widget_type=\"heading.default\">\n\t\t\t\t<div class=\"elementor-widget-container\">\n\t\t\t\t\t<h5 class=\"elementor-heading-title elementor-size-default\">Texts<\/h5>\t\t\t\t<\/div>\n\t\t\t\t<\/div>\n\t\t\t\t<div class=\"elementor-element elementor-element-dae7feb elementor-widget elementor-widget-heading\" data-id=\"dae7feb\" data-element_type=\"widget\" data-e-type=\"widget\" data-widget_type=\"heading.default\">\n\t\t\t\t<div class=\"elementor-widget-container\">\n\t\t\t\t\t<h2 class=\"elementor-heading-title elementor-size-default\">Franco Furger<\/h2>\t\t\t\t<\/div>\n\t\t\t\t<\/div>\n\t\t\t\t<div class=\"elementor-element elementor-element-45df406 elementor-widget elementor-widget-text-editor\" data-id=\"45df406\" data-element_type=\"widget\" data-e-type=\"widget\" data-widget_type=\"text-editor.default\">\n\t\t\t\t<div class=\"elementor-widget-container\">\n\t\t\t\t\t\t\t\t\t<p>Email:\u00a0<a href=\"mailto:hallo@francofurger.ch\">hallo@francofurger.ch\u00a0<\/a><br \/>Web:\u00a0<a href=\"https:\/\/www.francofurger.ch\/\" target=\"_blank\" rel=\"noopener\">www.francofurger.ch<\/a><\/p>\t\t\t\t\t\t\t\t<\/div>\n\t\t\t\t<\/div>\n\t\t\t\t\t<\/div>\n\t\t<\/div>\n\t\t\t\t\t<\/div>\n\t\t<\/section>\n\t\t\t\t<\/div>","protected":false},"excerpt":{"rendered":"<p>Herausgeber Hotel Albris AG Via Maistra 2287504 PontresinaSchweiz Tel. +41 81 838 80 40E-Mail: hotel@albris.ch Concept, Design &amp; Development Design Terminal GmbH by Gian Reto FurgerVia dal Bagn 227500 St. MoritzSchweiz E-Mail:\u00a0hello@design-terminal.comWeb:\u00a0www.design-terminal.com Fotos &amp; Videos Andrea Furger E-Mail:\u00a0info@andreafurger.comWeb:\u00a0www.andreafurger.com Weitere Fotos Gian Andri Giovanoli E-Mail:\u00a0info@giangiovanoli.comWeb:\u00a0www.giangiovanoli.com FremdbilderF\u00e4hndrich Sport AGPontresina Sports AG, Stephan M\u00fcllerPontresina TourismusEngadin St. Moritz Tourismus [&hellip;]<\/p>\n","protected":false},"author":1,"featured_media":0,"parent":0,"menu_order":0,"comment_status":"closed","ping_status":"closed","template":"","meta":{"footnotes":""},"class_list":["post-5367","page","type-page","status-publish","hentry"],"yoast_head":"<!-- This site is optimized with the Yoast SEO plugin v27.4 - https:\/\/yoast.com\/product\/yoast-seo-wordpress\/ -->\n<title>Impressum I Hotel Albris Pontresina<\/title>\n<meta name=\"description\" content=\"Webdesign, Design Terminal by G.R. Furger, +41 81 833 44 20, www.design-terminal.com, Fotos, KMU Fotografie, www.kmu-fotografie.ch\" \/>\n<meta name=\"robots\" content=\"index, follow, max-snippet:-1, max-image-preview:large, max-video-preview:-1\" \/>\n<link rel=\"canonical\" href=\"https:\/\/www.albris.ch\/en\/imprint\/\" \/>\n<meta property=\"og:locale\" content=\"en_GB\" \/>\n<meta property=\"og:type\" content=\"article\" \/>\n<meta property=\"og:title\" content=\"Impressum I Hotel Albris Pontresina\" \/>\n<meta property=\"og:description\" content=\"Webdesign, Design Terminal by G.R. Furger, +41 81 833 44 20, www.design-terminal.com, Fotos, KMU Fotografie, www.kmu-fotografie.ch\" \/>\n<meta property=\"og:url\" content=\"https:\/\/www.albris.ch\/en\/imprint\/\" \/>\n<meta property=\"og:site_name\" content=\"Hotel Albris Pontresina\" \/>\n<meta property=\"article:publisher\" content=\"https:\/\/www.facebook.com\/KOCHEND%c3%96RFERS-HOTEL-ALBRIS-Pontresina-Switzerland-133357763361393\" \/>\n<meta property=\"article:modified_time\" content=\"2024-12-12T10:58:58+00:00\" \/>\n<meta name=\"twitter:card\" content=\"summary_large_image\" \/>\n<meta name=\"twitter:label1\" content=\"Estimated reading time\" \/>\n\t<meta name=\"twitter:data1\" content=\"1 minute\" \/>\n<script type=\"application\/ld+json\" class=\"yoast-schema-graph\">{\"@context\":\"https:\\\/\\\/schema.org\",\"@graph\":[{\"@type\":\"WebPage\",\"@id\":\"https:\\\/\\\/www.albris.ch\\\/impressum\\\/\",\"url\":\"https:\\\/\\\/www.albris.ch\\\/impressum\\\/\",\"name\":\"Impressum I Hotel Albris Pontresina\",\"isPartOf\":{\"@id\":\"https:\\\/\\\/www.albris.ch\\\/#website\"},\"datePublished\":\"2016-08-18T15:20:56+00:00\",\"dateModified\":\"2024-12-12T10:58:58+00:00\",\"description\":\"Webdesign, Design Terminal by G.R. Furger, +41 81 833 44 20, www.design-terminal.com, Fotos, KMU Fotografie, www.kmu-fotografie.ch\",\"breadcrumb\":{\"@id\":\"https:\\\/\\\/www.albris.ch\\\/impressum\\\/#breadcrumb\"},\"inLanguage\":\"en-GB\",\"potentialAction\":[{\"@type\":\"ReadAction\",\"target\":[\"https:\\\/\\\/www.albris.ch\\\/impressum\\\/\"]}]},{\"@type\":\"BreadcrumbList\",\"@id\":\"https:\\\/\\\/www.albris.ch\\\/impressum\\\/#breadcrumb\",\"itemListElement\":[{\"@type\":\"ListItem\",\"position\":1,\"name\":\"Home\",\"item\":\"https:\\\/\\\/www.albris.ch\\\/\"},{\"@type\":\"ListItem\",\"position\":2,\"name\":\"Impressum\"}]},{\"@type\":\"WebSite\",\"@id\":\"https:\\\/\\\/www.albris.ch\\\/#website\",\"url\":\"https:\\\/\\\/www.albris.ch\\\/\",\"name\":\"Hotel Albris Pontresina\",\"description\":\"Der Name Kochend\u00f6rfer steht seit \u00fcber 100 Jahren f\u00fcr Tradition und hochwertigen Genuss.\",\"publisher\":{\"@id\":\"https:\\\/\\\/www.albris.ch\\\/#organization\"},\"potentialAction\":[{\"@type\":\"SearchAction\",\"target\":{\"@type\":\"EntryPoint\",\"urlTemplate\":\"https:\\\/\\\/www.albris.ch\\\/?s={search_term_string}\"},\"query-input\":{\"@type\":\"PropertyValueSpecification\",\"valueRequired\":true,\"valueName\":\"search_term_string\"}}],\"inLanguage\":\"en-GB\"},{\"@type\":\"Organization\",\"@id\":\"https:\\\/\\\/www.albris.ch\\\/#organization\",\"name\":\"Hotel Albris\",\"url\":\"https:\\\/\\\/www.albris.ch\\\/\",\"logo\":{\"@type\":\"ImageObject\",\"inLanguage\":\"en-GB\",\"@id\":\"https:\\\/\\\/www.albris.ch\\\/#\\\/schema\\\/logo\\\/image\\\/\",\"url\":\"https:\\\/\\\/www.albris.ch\\\/wp-content\\\/uploads\\\/2016\\\/08\\\/albris-logo@1x.png\",\"contentUrl\":\"https:\\\/\\\/www.albris.ch\\\/wp-content\\\/uploads\\\/2016\\\/08\\\/albris-logo@1x.png\",\"width\":182,\"height\":56,\"caption\":\"Hotel Albris\"},\"image\":{\"@id\":\"https:\\\/\\\/www.albris.ch\\\/#\\\/schema\\\/logo\\\/image\\\/\"},\"sameAs\":[\"https:\\\/\\\/www.facebook.com\\\/KOCHEND\u00d6RFERS-HOTEL-ALBRIS-Pontresina-Switzerland-133357763361393\"]}]}<\/script>\n<!-- \/ Yoast SEO plugin. -->","yoast_head_json":{"title":"Imprint I Hotel Albris Pontresina","description":"Web design, Design Terminal by G.R. Furger, +41 81 833 44 20, www.design-terminal.com, photos, SME photography, www.kmu-fotografie.ch","robots":{"index":"index","follow":"follow","max-snippet":"max-snippet:-1","max-image-preview":"max-image-preview:large","max-video-preview":"max-video-preview:-1"},"canonical":"https:\/\/www.albris.ch\/en\/imprint\/","og_locale":"en_GB","og_type":"article","og_title":"Impressum I Hotel Albris Pontresina","og_description":"Webdesign, Design Terminal by G.R. Furger, +41 81 833 44 20, www.design-terminal.com, Fotos, KMU Fotografie, www.kmu-fotografie.ch","og_url":"https:\/\/www.albris.ch\/en\/imprint\/","og_site_name":"Hotel Albris Pontresina","article_publisher":"https:\/\/www.facebook.com\/KOCHEND%c3%96RFERS-HOTEL-ALBRIS-Pontresina-Switzerland-133357763361393","article_modified_time":"2024-12-12T10:58:58+00:00","twitter_card":"summary_large_image","twitter_misc":{"Estimated reading time":"1 minute"},"schema":{"@context":"https:\/\/schema.org","@graph":[{"@type":"WebPage","@id":"https:\/\/www.albris.ch\/impressum\/","url":"https:\/\/www.albris.ch\/impressum\/","name":"Imprint I Hotel Albris Pontresina","isPartOf":{"@id":"https:\/\/www.albris.ch\/#website"},"datePublished":"2016-08-18T15:20:56+00:00","dateModified":"2024-12-12T10:58:58+00:00","description":"Web design, Design Terminal by G.R. Furger, +41 81 833 44 20, www.design-terminal.com, photos, SME photography, www.kmu-fotografie.ch","breadcrumb":{"@id":"https:\/\/www.albris.ch\/impressum\/#breadcrumb"},"inLanguage":"en-GB","potentialAction":[{"@type":"ReadAction","target":["https:\/\/www.albris.ch\/impressum\/"]}]},{"@type":"BreadcrumbList","@id":"https:\/\/www.albris.ch\/impressum\/#breadcrumb","itemListElement":[{"@type":"ListItem","position":1,"name":"Home","item":"https:\/\/www.albris.ch\/"},{"@type":"ListItem","position":2,"name":"Impressum"}]},{"@type":"WebSite","@id":"https:\/\/www.albris.ch\/#website","url":"https:\/\/www.albris.ch\/","name":"Hotel Albris Pontresina","description":"The name Kochend\u00f6rfer has stood for tradition and high-quality enjoyment for over 100 years","publisher":{"@id":"https:\/\/www.albris.ch\/#organization"},"potentialAction":[{"@type":"SearchAction","target":{"@type":"EntryPoint","urlTemplate":"https:\/\/www.albris.ch\/?s={search_term_string}"},"query-input":{"@type":"PropertyValueSpecification","valueRequired":true,"valueName":"search_term_string"}}],"inLanguage":"en-GB"},{"@type":"Organization","@id":"https:\/\/www.albris.ch\/#organization","name":"Hotel Albris","url":"https:\/\/www.albris.ch\/","logo":{"@type":"ImageObject","inLanguage":"en-GB","@id":"https:\/\/www.albris.ch\/#\/schema\/logo\/image\/","url":"https:\/\/www.albris.ch\/wp-content\/uploads\/2016\/08\/albris-logo@1x.png","contentUrl":"https:\/\/www.albris.ch\/wp-content\/uploads\/2016\/08\/albris-logo@1x.png","width":182,"height":56,"caption":"Hotel Albris"},"image":{"@id":"https:\/\/www.albris.ch\/#\/schema\/logo\/image\/"},"sameAs":["https:\/\/www.facebook.com\/KOCHEND\u00d6RFERS-HOTEL-ALBRIS-Pontresina-Switzerland-133357763361393"]}]}},"_links":{"self":[{"href":"https:\/\/www.albris.ch\/en\/wp-json\/wp\/v2\/pages\/5367","targetHints":{"allow":["GET"]}}],"collection":[{"href":"https:\/\/www.albris.ch\/en\/wp-json\/wp\/v2\/pages"}],"about":[{"href":"https:\/\/www.albris.ch\/en\/wp-json\/wp\/v2\/types\/page"}],"author":[{"embeddable":true,"href":"https:\/\/www.albris.ch\/en\/wp-json\/wp\/v2\/users\/1"}],"replies":[{"embeddable":true,"href":"https:\/\/www.albris.ch\/en\/wp-json\/wp\/v2\/comments?post=5367"}],"version-history":[{"count":0,"href":"https:\/\/www.albris.ch\/en\/wp-json\/wp\/v2\/pages\/5367\/revisions"}],"wp:attachment":[{"href":"https:\/\/www.albris.ch\/en\/wp-json\/wp\/v2\/media?parent=5367"}],"curies":[{"name":"wp","href":"https:\/\/api.w.org\/{rel}","templated":true}]}}