{"id":6584,"date":"2016-10-19T17:22:15","date_gmt":"2016-10-19T15:22:15","guid":{"rendered":"https:\/\/www.albris.ch\/?page_id=6584"},"modified":"2026-04-07T09:57:30","modified_gmt":"2026-04-07T07:57:30","slug":"winter-packages","status":"publish","type":"page","link":"https:\/\/www.albris.ch\/en\/pauschalen-winter\/","title":{"rendered":"Winter packages"},"content":{"rendered":"<div data-elementor-type=\"wp-page\" data-elementor-id=\"6584\" class=\"elementor elementor-6584\" data-elementor-post-type=\"page\">\n\t\t\t\t\t\t<section class=\"elementor-section elementor-top-section elementor-element elementor-element-185ec4a elementor-section-content-bottom cc_ondark elementor-section-full_width elementor-section-height-default elementor-section-height-default\" data-id=\"185ec4a\" data-element_type=\"section\" data-e-type=\"section\" data-settings=\"{&quot;background_background&quot;:&quot;classic&quot;}\">\n\t\t\t\t\t\t\t<div class=\"elementor-background-overlay\"><\/div>\n\t\t\t\t\t\t\t<div class=\"elementor-container elementor-column-gap-default\">\n\t\t\t\t\t<div class=\"elementor-column elementor-col-100 elementor-top-column elementor-element elementor-element-00350b4\" data-id=\"00350b4\" data-element_type=\"column\" data-e-type=\"column\" data-settings=\"{&quot;background_background&quot;:&quot;classic&quot;}\">\n\t\t\t<div class=\"elementor-widget-wrap elementor-element-populated\">\n\t\t\t\t\t<div class=\"elementor-background-overlay\"><\/div>\n\t\t\t\t\t\t<div class=\"elementor-element elementor-element-657380f elementor-widget elementor-widget-spacer\" data-id=\"657380f\" data-element_type=\"widget\" data-e-type=\"widget\" data-widget_type=\"spacer.default\">\n\t\t\t\t<div class=\"elementor-widget-container\">\n\t\t\t\t\t\t\t<div class=\"elementor-spacer\">\n\t\t\t<div class=\"elementor-spacer-inner\"><\/div>\n\t\t<\/div>\n\t\t\t\t\t\t<\/div>\n\t\t\t\t<\/div>\n\t\t\t\t\t<\/div>\n\t\t<\/div>\n\t\t\t\t\t<\/div>\n\t\t<\/section>\n\t\t\t\t<section class=\"elementor-section elementor-top-section elementor-element elementor-element-50ce256 elementor-reverse-tablet elementor-reverse-mobile elementor-section-boxed elementor-section-height-default elementor-section-height-default\" data-id=\"50ce256\" data-element_type=\"section\" data-e-type=\"section\">\n\t\t\t\t\t\t<div class=\"elementor-container elementor-column-gap-no\">\n\t\t\t\t\t<div class=\"elementor-column elementor-col-50 elementor-top-column elementor-element elementor-element-4b56a88 elementor-invisible\" data-id=\"4b56a88\" data-element_type=\"column\" data-e-type=\"column\" data-settings=\"{&quot;animation&quot;:&quot;zoomIn&quot;}\">\n\t\t\t<div class=\"elementor-widget-wrap elementor-element-populated\">\n\t\t\t\t\t\t<div class=\"elementor-element elementor-element-79ff98c elementor-widget elementor-widget-image\" data-id=\"79ff98c\" data-element_type=\"widget\" data-e-type=\"widget\" data-widget_type=\"image.default\">\n\t\t\t\t<div class=\"elementor-widget-container\">\n\t\t\t\t\t\t\t\t\t\t\t\t\t\t\t<img decoding=\"async\" src=\"https:\/\/www.albris.ch\/wp-content\/uploads\/elementor\/thumbs\/packages_getready_snowsports-qyebd0vt7oogqi7i3nn5x7htx5v8rcnwyfuu1p54es.jpg\" title=\"packages_getready_snowsports\" alt=\"packages_getready_snowsports\" loading=\"lazy\" \/>\t\t\t\t\t\t\t\t\t\t\t\t\t\t\t<\/div>\n\t\t\t\t<\/div>\n\t\t\t\t\t<\/div>\n\t\t<\/div>\n\t\t\t\t<div class=\"elementor-column elementor-col-50 elementor-top-column elementor-element elementor-element-3d3db41 elementor-invisible\" data-id=\"3d3db41\" data-element_type=\"column\" data-e-type=\"column\" data-settings=\"{&quot;animation&quot;:&quot;zoomIn&quot;,&quot;animation_delay&quot;:100}\">\n\t\t\t<div class=\"elementor-widget-wrap elementor-element-populated\">\n\t\t\t\t\t\t<div class=\"elementor-element elementor-element-1c6890b elementor-widget elementor-widget-heading\" data-id=\"1c6890b\" data-element_type=\"widget\" data-e-type=\"widget\" data-widget_type=\"heading.default\">\n\t\t\t\t<div class=\"elementor-widget-container\">\n\t\t\t\t\t<h2 class=\"elementor-heading-title elementor-size-default\">Get Ready Camp with Pontresina Snowsports 2025\/26<\/h2>\t\t\t\t<\/div>\n\t\t\t\t<\/div>\n\t\t\t\t<div class=\"elementor-element elementor-element-dbf5a5f elementor-widget elementor-widget-heading\" data-id=\"dbf5a5f\" data-element_type=\"widget\" data-e-type=\"widget\" data-widget_type=\"heading.default\">\n\t\t\t\t<div class=\"elementor-widget-container\">\n\t\t\t\t\t<h6 class=\"elementor-heading-title elementor-size-default\">from CHF 408.-<\/h6>\t\t\t\t<\/div>\n\t\t\t\t<\/div>\n\t\t\t\t<div class=\"elementor-element elementor-element-b78ec2e elementor-widget elementor-widget-text-editor\" data-id=\"b78ec2e\" data-element_type=\"widget\" data-e-type=\"widget\" data-widget_type=\"text-editor.default\">\n\t\t\t\t<div class=\"elementor-widget-container\">\n\t\t\t\t\t\t\t\t\t<p>12.12.2025 to 21.12.2025 and 09.01.2026 to 25.01.2026<\/p>\t\t\t\t\t\t\t\t<\/div>\n\t\t\t\t<\/div>\n\t\t\t\t<div class=\"elementor-element elementor-element-b0248db elementor-widget elementor-widget-button\" data-id=\"b0248db\" data-element_type=\"widget\" data-e-type=\"widget\" data-widget_type=\"button.default\">\n\t\t\t\t<div class=\"elementor-widget-container\">\n\t\t\t\t\t\t\t\t\t<div class=\"elementor-button-wrapper\">\n\t\t\t\t\t<a class=\"elementor-button elementor-button-link elementor-size-sm\" href=\"https:\/\/www.albris.ch\/en\/winter-packages\/get-ready-camp-with-pontresina-snowsports\/\">\n\t\t\t\t\t\t<span class=\"elementor-button-content-wrapper\">\n\t\t\t\t\t\t\t\t\t<span class=\"elementor-button-text\">detail<\/span>\n\t\t\t\t\t<\/span>\n\t\t\t\t\t<\/a>\n\t\t\t\t<\/div>\n\t\t\t\t\t\t\t\t<\/div>\n\t\t\t\t<\/div>\n\t\t\t\t\t<\/div>\n\t\t<\/div>\n\t\t\t\t\t<\/div>\n\t\t<\/section>\n\t\t\t\t<section class=\"elementor-section elementor-top-section elementor-element elementor-element-5f11404 elementor-section-boxed elementor-section-height-default elementor-section-height-default\" data-id=\"5f11404\" data-element_type=\"section\" data-e-type=\"section\">\n\t\t\t\t\t\t<div class=\"elementor-container elementor-column-gap-no\">\n\t\t\t\t\t<div class=\"elementor-column elementor-col-50 elementor-top-column elementor-element elementor-element-1f436f1 elementor-invisible\" data-id=\"1f436f1\" data-element_type=\"column\" data-e-type=\"column\" data-settings=\"{&quot;animation&quot;:&quot;zoomIn&quot;,&quot;animation_delay&quot;:100}\">\n\t\t\t<div class=\"elementor-widget-wrap elementor-element-populated\">\n\t\t\t\t\t\t<div class=\"elementor-element elementor-element-8321ab8 elementor-widget elementor-widget-heading\" data-id=\"8321ab8\" data-element_type=\"widget\" data-e-type=\"widget\" data-widget_type=\"heading.default\">\n\t\t\t\t<div class=\"elementor-widget-container\">\n\t\t\t\t\t<h2 class=\"elementor-heading-title elementor-size-default\">Cross-country skiing package weeks with F\u00e4hndrich Sport 2027<\/h2>\t\t\t\t<\/div>\n\t\t\t\t<\/div>\n\t\t\t\t<div class=\"elementor-element elementor-element-4a2c63a elementor-widget elementor-widget-heading\" data-id=\"4a2c63a\" data-element_type=\"widget\" data-e-type=\"widget\" data-widget_type=\"heading.default\">\n\t\t\t\t<div class=\"elementor-widget-container\">\n\t\t\t\t\t<h6 class=\"elementor-heading-title elementor-size-default\">from CHF 695.- \/ CHF 1'335.-<\/h6>\t\t\t\t<\/div>\n\t\t\t\t<\/div>\n\t\t\t\t<div class=\"elementor-element elementor-element-8407c29 elementor-widget elementor-widget-text-editor\" data-id=\"8407c29\" data-element_type=\"widget\" data-e-type=\"widget\" data-widget_type=\"text-editor.default\">\n\t\t\t\t<div class=\"elementor-widget-container\">\n\t\t\t\t\t\t\t\t\t<p>03.01.2027 to 27.03.2027<\/p>\t\t\t\t\t\t\t\t<\/div>\n\t\t\t\t<\/div>\n\t\t\t\t<div class=\"elementor-element elementor-element-2e8d79c elementor-widget elementor-widget-button\" data-id=\"2e8d79c\" data-element_type=\"widget\" data-e-type=\"widget\" data-widget_type=\"button.default\">\n\t\t\t\t<div class=\"elementor-widget-container\">\n\t\t\t\t\t\t\t\t\t<div class=\"elementor-button-wrapper\">\n\t\t\t\t\t<a class=\"elementor-button elementor-button-link elementor-size-sm\" href=\"https:\/\/www.albris.ch\/en\/winter-packages\/cross-country-ski-package-weeks-with-faehndrich-sport\/\">\n\t\t\t\t\t\t<span class=\"elementor-button-content-wrapper\">\n\t\t\t\t\t\t\t\t\t<span class=\"elementor-button-text\">detail<\/span>\n\t\t\t\t\t<\/span>\n\t\t\t\t\t<\/a>\n\t\t\t\t<\/div>\n\t\t\t\t\t\t\t\t<\/div>\n\t\t\t\t<\/div>\n\t\t\t\t\t<\/div>\n\t\t<\/div>\n\t\t\t\t<div class=\"elementor-column elementor-col-50 elementor-top-column elementor-element elementor-element-7e6cd5a elementor-invisible\" data-id=\"7e6cd5a\" data-element_type=\"column\" data-e-type=\"column\" data-settings=\"{&quot;animation&quot;:&quot;zoomIn&quot;}\">\n\t\t\t<div class=\"elementor-widget-wrap elementor-element-populated\">\n\t\t\t\t\t\t<div class=\"elementor-element elementor-element-cd251b3 elementor-widget elementor-widget-image\" data-id=\"cd251b3\" data-element_type=\"widget\" data-e-type=\"widget\" data-widget_type=\"image.default\">\n\t\t\t\t<div class=\"elementor-widget-container\">\n\t\t\t\t\t\t\t\t\t\t\t\t\t\t\t<img decoding=\"async\" src=\"https:\/\/www.albris.ch\/wp-content\/uploads\/elementor\/thumbs\/packages_faehndrichsport_af_13-qyebcy2an6klroblk4fa7q7g509549cpy1wdlv9axg.jpg\" title=\"packages_faehndrichsport_af_13\" alt=\"packages_faehndrichsport_af_13\" loading=\"lazy\" \/>\t\t\t\t\t\t\t\t\t\t\t\t\t\t\t<\/div>\n\t\t\t\t<\/div>\n\t\t\t\t\t<\/div>\n\t\t<\/div>\n\t\t\t\t\t<\/div>\n\t\t<\/section>\n\t\t\t\t<section class=\"elementor-section elementor-top-section elementor-element elementor-element-39c86ee4 elementor-section-boxed elementor-section-height-default elementor-section-height-default\" data-id=\"39c86ee4\" data-element_type=\"section\" data-e-type=\"section\" data-settings=\"{&quot;background_background&quot;:&quot;classic&quot;}\">\n\t\t\t\t\t\t\t<div class=\"elementor-background-overlay\"><\/div>\n\t\t\t\t\t\t\t<div class=\"elementor-container elementor-column-gap-no\">\n\t\t\t\t\t<div class=\"elementor-column elementor-col-100 elementor-top-column elementor-element elementor-element-59eee194 cc_ondark\" data-id=\"59eee194\" data-element_type=\"column\" data-e-type=\"column\" data-settings=\"{&quot;background_background&quot;:&quot;classic&quot;}\">\n\t\t\t<div class=\"elementor-widget-wrap elementor-element-populated\">\n\t\t\t\t\t\t<div class=\"elementor-element elementor-element-41e84236 elementor-widget elementor-widget-heading\" data-id=\"41e84236\" data-element_type=\"widget\" data-e-type=\"widget\" data-widget_type=\"heading.default\">\n\t\t\t\t<div class=\"elementor-widget-container\">\n\t\t\t\t\t<h5 class=\"elementor-heading-title elementor-size-default\">Take a vacation with us<\/h5>\t\t\t\t<\/div>\n\t\t\t\t<\/div>\n\t\t\t\t<div class=\"elementor-element elementor-element-5c710068 elementor-widget elementor-widget-heading\" data-id=\"5c710068\" data-element_type=\"widget\" data-e-type=\"widget\" data-widget_type=\"heading.default\">\n\t\t\t\t<div class=\"elementor-widget-container\">\n\t\t\t\t\t<h2 class=\"elementor-heading-title elementor-size-default\">38 high-quality rooms furnished with lots of wood from Engadine forests .<\/h2>\t\t\t\t<\/div>\n\t\t\t\t<\/div>\n\t\t\t\t<div class=\"elementor-element elementor-element-2eacc22d elementor-align-center cc_ondarkbutton elementor-widget elementor-widget-button\" data-id=\"2eacc22d\" data-element_type=\"widget\" data-e-type=\"widget\" data-widget_type=\"button.default\">\n\t\t\t\t<div class=\"elementor-widget-container\">\n\t\t\t\t\t\t\t\t\t<div class=\"elementor-button-wrapper\">\n\t\t\t\t\t<a class=\"elementor-button elementor-button-link elementor-size-sm\" href=\"https:\/\/www.albris.ch\/en\/room\/\">\n\t\t\t\t\t\t<span class=\"elementor-button-content-wrapper\">\n\t\t\t\t\t\t\t\t\t<span class=\"elementor-button-text\">Our rooms<\/span>\n\t\t\t\t\t<\/span>\n\t\t\t\t\t<\/a>\n\t\t\t\t<\/div>\n\t\t\t\t\t\t\t\t<\/div>\n\t\t\t\t<\/div>\n\t\t\t\t\t<\/div>\n\t\t<\/div>\n\t\t\t\t\t<\/div>\n\t\t<\/section>\n\t\t\t\t<\/div>","protected":false},"excerpt":{"rendered":"<p>Get Ready Camp mit Pontresina Snowsports 2025\/26 ab CHF 408.- 12.12.2025 bis 21.12.2025 und 09.01.2026 bis 25.01.2026 Detail Loipenpauschalwochen mit F\u00e4hndrich Sport 2027 ab CHF 695.- \/ CHF 1&#8217;335.- 03.01.2027 bis 27.03.2027 Detail Machen Sie Ferien mit uns 38 hochwertig und mit viel Holz aus Engadiner W\u00e4ldern ausgestattete Zimmer. Unsere Zimmer<\/p>","protected":false},"author":1,"featured_media":0,"parent":0,"menu_order":0,"comment_status":"closed","ping_status":"closed","template":"","meta":{"footnotes":""},"class_list":["post-6584","page","type-page","status-publish","hentry"],"yoast_head":"<!-- This site is optimized with the Yoast SEO plugin v27.4 - https:\/\/yoast.com\/product\/yoast-seo-wordpress\/ -->\n<title>Pauschalen I Hotel Albris Pontresina<\/title>\n<meta name=\"description\" content=\"Hier finden Sie unsere Pauschalen f\u00fcr Ihren Urlaub im 3-Sterne Hotel Albris in Pontresina im wundersch\u00f6nen Engadin. Alle Pauschalen ...\" \/>\n<meta name=\"robots\" content=\"index, follow, max-snippet:-1, max-image-preview:large, max-video-preview:-1\" \/>\n<link rel=\"canonical\" href=\"https:\/\/www.albris.ch\/en\/winter-packages\/\" \/>\n<meta property=\"og:locale\" content=\"en_GB\" \/>\n<meta property=\"og:type\" content=\"article\" \/>\n<meta property=\"og:title\" content=\"Pauschalen I Hotel Albris Pontresina\" \/>\n<meta property=\"og:description\" content=\"Hier finden Sie unsere Pauschalen f\u00fcr Ihren Urlaub im 3-Sterne Hotel Albris in Pontresina im wundersch\u00f6nen Engadin. Alle Pauschalen ...\" \/>\n<meta property=\"og:url\" content=\"https:\/\/www.albris.ch\/en\/winter-packages\/\" \/>\n<meta property=\"og:site_name\" content=\"Hotel Albris Pontresina\" \/>\n<meta property=\"article:publisher\" content=\"https:\/\/www.facebook.com\/KOCHEND%c3%96RFERS-HOTEL-ALBRIS-Pontresina-Switzerland-133357763361393\" \/>\n<meta property=\"article:modified_time\" content=\"2026-04-07T07:57:30+00:00\" \/>\n<meta property=\"og:image\" content=\"https:\/\/www.albris.ch\/wp-content\/uploads\/elementor\/thumbs\/packages_getready_snowsports-qyebd0vt7oogqi7i3nn5x7htx5v8rcnwyfuu1p54es.jpg\" \/>\n<meta name=\"twitter:card\" content=\"summary_large_image\" \/>\n<meta name=\"twitter:label1\" content=\"Estimated reading time\" \/>\n\t<meta name=\"twitter:data1\" content=\"1 minute\" \/>\n<script type=\"application\/ld+json\" class=\"yoast-schema-graph\">{\"@context\":\"https:\\\/\\\/schema.org\",\"@graph\":[{\"@type\":\"WebPage\",\"@id\":\"https:\\\/\\\/www.albris.ch\\\/pauschalen-winter\\\/\",\"url\":\"https:\\\/\\\/www.albris.ch\\\/pauschalen-winter\\\/\",\"name\":\"Pauschalen I Hotel Albris Pontresina\",\"isPartOf\":{\"@id\":\"https:\\\/\\\/www.albris.ch\\\/#website\"},\"primaryImageOfPage\":{\"@id\":\"https:\\\/\\\/www.albris.ch\\\/pauschalen-winter\\\/#primaryimage\"},\"image\":{\"@id\":\"https:\\\/\\\/www.albris.ch\\\/pauschalen-winter\\\/#primaryimage\"},\"thumbnailUrl\":\"https:\\\/\\\/www.albris.ch\\\/wp-content\\\/uploads\\\/elementor\\\/thumbs\\\/packages_getready_snowsports-qyebd0vt7oogqi7i3nn5x7htx5v8rcnwyfuu1p54es.jpg\",\"datePublished\":\"2016-10-19T15:22:15+00:00\",\"dateModified\":\"2026-04-07T07:57:30+00:00\",\"description\":\"Hier finden Sie unsere Pauschalen f\u00fcr Ihren Urlaub im 3-Sterne Hotel Albris in Pontresina im wundersch\u00f6nen Engadin. Alle Pauschalen ...\",\"breadcrumb\":{\"@id\":\"https:\\\/\\\/www.albris.ch\\\/pauschalen-winter\\\/#breadcrumb\"},\"inLanguage\":\"en-GB\",\"potentialAction\":[{\"@type\":\"ReadAction\",\"target\":[\"https:\\\/\\\/www.albris.ch\\\/pauschalen-winter\\\/\"]}]},{\"@type\":\"ImageObject\",\"inLanguage\":\"en-GB\",\"@id\":\"https:\\\/\\\/www.albris.ch\\\/pauschalen-winter\\\/#primaryimage\",\"url\":\"https:\\\/\\\/www.albris.ch\\\/wp-content\\\/uploads\\\/elementor\\\/thumbs\\\/packages_getready_snowsports-qyebd0vt7oogqi7i3nn5x7htx5v8rcnwyfuu1p54es.jpg\",\"contentUrl\":\"https:\\\/\\\/www.albris.ch\\\/wp-content\\\/uploads\\\/elementor\\\/thumbs\\\/packages_getready_snowsports-qyebd0vt7oogqi7i3nn5x7htx5v8rcnwyfuu1p54es.jpg\"},{\"@type\":\"BreadcrumbList\",\"@id\":\"https:\\\/\\\/www.albris.ch\\\/pauschalen-winter\\\/#breadcrumb\",\"itemListElement\":[{\"@type\":\"ListItem\",\"position\":1,\"name\":\"Home\",\"item\":\"https:\\\/\\\/www.albris.ch\\\/\"},{\"@type\":\"ListItem\",\"position\":2,\"name\":\"Pauschalen Winter\"}]},{\"@type\":\"WebSite\",\"@id\":\"https:\\\/\\\/www.albris.ch\\\/#website\",\"url\":\"https:\\\/\\\/www.albris.ch\\\/\",\"name\":\"Hotel Albris Pontresina\",\"description\":\"Der Name Kochend\u00f6rfer steht seit \u00fcber 100 Jahren f\u00fcr Tradition und hochwertigen Genuss.\",\"publisher\":{\"@id\":\"https:\\\/\\\/www.albris.ch\\\/#organization\"},\"potentialAction\":[{\"@type\":\"SearchAction\",\"target\":{\"@type\":\"EntryPoint\",\"urlTemplate\":\"https:\\\/\\\/www.albris.ch\\\/?s={search_term_string}\"},\"query-input\":{\"@type\":\"PropertyValueSpecification\",\"valueRequired\":true,\"valueName\":\"search_term_string\"}}],\"inLanguage\":\"en-GB\"},{\"@type\":\"Organization\",\"@id\":\"https:\\\/\\\/www.albris.ch\\\/#organization\",\"name\":\"Hotel Albris\",\"url\":\"https:\\\/\\\/www.albris.ch\\\/\",\"logo\":{\"@type\":\"ImageObject\",\"inLanguage\":\"en-GB\",\"@id\":\"https:\\\/\\\/www.albris.ch\\\/#\\\/schema\\\/logo\\\/image\\\/\",\"url\":\"https:\\\/\\\/www.albris.ch\\\/wp-content\\\/uploads\\\/2016\\\/08\\\/albris-logo@1x.png\",\"contentUrl\":\"https:\\\/\\\/www.albris.ch\\\/wp-content\\\/uploads\\\/2016\\\/08\\\/albris-logo@1x.png\",\"width\":182,\"height\":56,\"caption\":\"Hotel Albris\"},\"image\":{\"@id\":\"https:\\\/\\\/www.albris.ch\\\/#\\\/schema\\\/logo\\\/image\\\/\"},\"sameAs\":[\"https:\\\/\\\/www.facebook.com\\\/KOCHEND\u00d6RFERS-HOTEL-ALBRIS-Pontresina-Switzerland-133357763361393\"]}]}<\/script>\n<!-- \/ Yoast SEO plugin. -->","yoast_head_json":{"title":"Packages I Hotel Albris Pontresina","description":"Here you will find our packages for your vacation in the 3--star Hotel Albris in Pontresina in the beautiful Engadin. All packages ...","robots":{"index":"index","follow":"follow","max-snippet":"max-snippet:-1","max-image-preview":"max-image-preview:large","max-video-preview":"max-video-preview:-1"},"canonical":"https:\/\/www.albris.ch\/en\/winter-packages\/","og_locale":"en_GB","og_type":"article","og_title":"Pauschalen I Hotel Albris Pontresina","og_description":"Hier finden Sie unsere Pauschalen f\u00fcr Ihren Urlaub im 3-Sterne Hotel Albris in Pontresina im wundersch\u00f6nen Engadin. Alle Pauschalen ...","og_url":"https:\/\/www.albris.ch\/en\/winter-packages\/","og_site_name":"Hotel Albris Pontresina","article_publisher":"https:\/\/www.facebook.com\/KOCHEND%c3%96RFERS-HOTEL-ALBRIS-Pontresina-Switzerland-133357763361393","article_modified_time":"2026-04-07T07:57:30+00:00","og_image":[{"url":"https:\/\/www.albris.ch\/wp-content\/uploads\/elementor\/thumbs\/packages_getready_snowsports-qyebd0vt7oogqi7i3nn5x7htx5v8rcnwyfuu1p54es.jpg","type":"","width":"","height":""}],"twitter_card":"summary_large_image","twitter_misc":{"Estimated reading time":"1 minute"},"schema":{"@context":"https:\/\/schema.org","@graph":[{"@type":"WebPage","@id":"https:\/\/www.albris.ch\/pauschalen-winter\/","url":"https:\/\/www.albris.ch\/pauschalen-winter\/","name":"Packages I Hotel Albris Pontresina","isPartOf":{"@id":"https:\/\/www.albris.ch\/#website"},"primaryImageOfPage":{"@id":"https:\/\/www.albris.ch\/pauschalen-winter\/#primaryimage"},"image":{"@id":"https:\/\/www.albris.ch\/pauschalen-winter\/#primaryimage"},"thumbnailUrl":"https:\/\/www.albris.ch\/wp-content\/uploads\/elementor\/thumbs\/packages_getready_snowsports-qyebd0vt7oogqi7i3nn5x7htx5v8rcnwyfuu1p54es.jpg","datePublished":"2016-10-19T15:22:15+00:00","dateModified":"2026-04-07T07:57:30+00:00","description":"Here you will find our packages for your vacation in the 3--star Hotel Albris in Pontresina in the beautiful Engadin. All packages ...","breadcrumb":{"@id":"https:\/\/www.albris.ch\/pauschalen-winter\/#breadcrumb"},"inLanguage":"en-GB","potentialAction":[{"@type":"ReadAction","target":["https:\/\/www.albris.ch\/pauschalen-winter\/"]}]},{"@type":"ImageObject","inLanguage":"en-GB","@id":"https:\/\/www.albris.ch\/pauschalen-winter\/#primaryimage","url":"https:\/\/www.albris.ch\/wp-content\/uploads\/elementor\/thumbs\/packages_getready_snowsports-qyebd0vt7oogqi7i3nn5x7htx5v8rcnwyfuu1p54es.jpg","contentUrl":"https:\/\/www.albris.ch\/wp-content\/uploads\/elementor\/thumbs\/packages_getready_snowsports-qyebd0vt7oogqi7i3nn5x7htx5v8rcnwyfuu1p54es.jpg"},{"@type":"BreadcrumbList","@id":"https:\/\/www.albris.ch\/pauschalen-winter\/#breadcrumb","itemListElement":[{"@type":"ListItem","position":1,"name":"Home","item":"https:\/\/www.albris.ch\/"},{"@type":"ListItem","position":2,"name":"Pauschalen Winter"}]},{"@type":"WebSite","@id":"https:\/\/www.albris.ch\/#website","url":"https:\/\/www.albris.ch\/","name":"Hotel Albris Pontresina","description":"The name Kochend\u00f6rfer has stood for tradition and high-quality enjoyment for over 100 years","publisher":{"@id":"https:\/\/www.albris.ch\/#organization"},"potentialAction":[{"@type":"SearchAction","target":{"@type":"EntryPoint","urlTemplate":"https:\/\/www.albris.ch\/?s={search_term_string}"},"query-input":{"@type":"PropertyValueSpecification","valueRequired":true,"valueName":"search_term_string"}}],"inLanguage":"en-GB"},{"@type":"Organization","@id":"https:\/\/www.albris.ch\/#organization","name":"Hotel Albris","url":"https:\/\/www.albris.ch\/","logo":{"@type":"ImageObject","inLanguage":"en-GB","@id":"https:\/\/www.albris.ch\/#\/schema\/logo\/image\/","url":"https:\/\/www.albris.ch\/wp-content\/uploads\/2016\/08\/albris-logo@1x.png","contentUrl":"https:\/\/www.albris.ch\/wp-content\/uploads\/2016\/08\/albris-logo@1x.png","width":182,"height":56,"caption":"Hotel Albris"},"image":{"@id":"https:\/\/www.albris.ch\/#\/schema\/logo\/image\/"},"sameAs":["https:\/\/www.facebook.com\/KOCHEND\u00d6RFERS-HOTEL-ALBRIS-Pontresina-Switzerland-133357763361393"]}]}},"_links":{"self":[{"href":"https:\/\/www.albris.ch\/en\/wp-json\/wp\/v2\/pages\/6584","targetHints":{"allow":["GET"]}}],"collection":[{"href":"https:\/\/www.albris.ch\/en\/wp-json\/wp\/v2\/pages"}],"about":[{"href":"https:\/\/www.albris.ch\/en\/wp-json\/wp\/v2\/types\/page"}],"author":[{"embeddable":true,"href":"https:\/\/www.albris.ch\/en\/wp-json\/wp\/v2\/users\/1"}],"replies":[{"embeddable":true,"href":"https:\/\/www.albris.ch\/en\/wp-json\/wp\/v2\/comments?post=6584"}],"version-history":[{"count":3,"href":"https:\/\/www.albris.ch\/en\/wp-json\/wp\/v2\/pages\/6584\/revisions"}],"predecessor-version":[{"id":26969,"href":"https:\/\/www.albris.ch\/en\/wp-json\/wp\/v2\/pages\/6584\/revisions\/26969"}],"wp:attachment":[{"href":"https:\/\/www.albris.ch\/en\/wp-json\/wp\/v2\/media?parent=6584"}],"curies":[{"name":"wp","href":"https:\/\/api.w.org\/{rel}","templated":true}]}}