{"id":6639,"date":"2016-10-20T09:43:16","date_gmt":"2016-10-20T07:43:16","guid":{"rendered":"https:\/\/www.albris.ch\/?page_id=6639"},"modified":"2025-02-19T21:18:36","modified_gmt":"2025-02-19T20:18:36","slug":"terms-and-conditions-online-shop","status":"publish","type":"page","link":"https:\/\/www.albris.ch\/en\/agb-online-shop\/","title":{"rendered":"Terms and Conditions Online-Shop"},"content":{"rendered":"<div data-elementor-type=\"wp-page\" data-elementor-id=\"6639\" class=\"elementor elementor-6639\" data-elementor-post-type=\"page\">\n\t\t\t\t\t\t<section class=\"elementor-section elementor-top-section elementor-element elementor-element-55924cc elementor-section-full_width elementor-section-height-default elementor-section-height-default\" data-id=\"55924cc\" data-element_type=\"section\" data-e-type=\"section\">\n\t\t\t\t\t\t<div class=\"elementor-container elementor-column-gap-no\">\n\t\t\t\t\t<div class=\"elementor-column elementor-col-100 elementor-top-column elementor-element elementor-element-3a158b5\" data-id=\"3a158b5\" data-element_type=\"column\" data-e-type=\"column\">\n\t\t\t<div class=\"elementor-widget-wrap elementor-element-populated\">\n\t\t\t\t\t\t<div class=\"elementor-element elementor-element-3d762aa elementor-widget elementor-widget-template\" data-id=\"3d762aa\" data-element_type=\"widget\" data-e-type=\"widget\" data-widget_type=\"template.default\">\n\t\t\t\t<div class=\"elementor-widget-container\">\n\t\t\t\t\t\t\t<div class=\"elementor-template\">\n\t\t\t\t\t<div data-elementor-type=\"section\" data-elementor-id=\"21726\" class=\"elementor elementor-21726\" data-elementor-post-type=\"elementor_library\">\n\t\t\t\t\t<section class=\"elementor-section elementor-top-section elementor-element elementor-element-632315 elementor-section-height-min-height elementor-section-boxed elementor-section-height-default elementor-section-items-middle\" data-id=\"632315\" data-element_type=\"section\" data-e-type=\"section\" data-settings=\"{&quot;background_background&quot;:&quot;classic&quot;}\">\n\t\t\t\t\t\t<div class=\"elementor-container elementor-column-gap-default\">\n\t\t\t\t\t<div class=\"elementor-column elementor-col-100 elementor-top-column elementor-element elementor-element-a68d8d\" data-id=\"a68d8d\" data-element_type=\"column\" data-e-type=\"column\">\n\t\t\t<div class=\"elementor-widget-wrap\">\n\t\t\t\t\t\t\t<\/div>\n\t\t<\/div>\n\t\t\t\t\t<\/div>\n\t\t<\/section>\n\t\t\t\t<\/div>\n\t\t\t\t<\/div>\n\t\t\t\t\t\t<\/div>\n\t\t\t\t<\/div>\n\t\t\t\t\t<\/div>\n\t\t<\/div>\n\t\t\t\t\t<\/div>\n\t\t<\/section>\n\t\t\t\t<section class=\"elementor-section elementor-top-section elementor-element elementor-element-295c93a elementor-section-boxed elementor-section-height-default elementor-section-height-default\" data-id=\"295c93a\" data-element_type=\"section\" data-e-type=\"section\">\n\t\t\t\t\t\t<div class=\"elementor-container elementor-column-gap-no\">\n\t\t\t\t\t<div class=\"elementor-column elementor-col-100 elementor-top-column elementor-element elementor-element-8226b31\" data-id=\"8226b31\" data-element_type=\"column\" data-e-type=\"column\">\n\t\t\t<div class=\"elementor-widget-wrap elementor-element-populated\">\n\t\t\t\t\t\t<div class=\"elementor-element elementor-element-ff2a80e elementor-widget elementor-widget-heading\" data-id=\"ff2a80e\" data-element_type=\"widget\" data-e-type=\"widget\" data-widget_type=\"heading.default\">\n\t\t\t\t<div class=\"elementor-widget-container\">\n\t\t\t\t\t<h2 class=\"elementor-heading-title elementor-size-default\">Terms and Conditions Online-Shop<\/h2>\t\t\t\t<\/div>\n\t\t\t\t<\/div>\n\t\t\t\t<div class=\"elementor-element elementor-element-19ade3e elementor-widget elementor-widget-text-editor\" data-id=\"19ade3e\" data-element_type=\"widget\" data-e-type=\"widget\" data-widget_type=\"text-editor.default\">\n\t\t\t\t<div class=\"elementor-widget-container\">\n\t\t\t\t\t\t\t\t\t<p><strong>Shipping via Online-Shop<\/strong><br \/>In Switzerland, delivery is generally made by Post Priority or courier service with a delivery time of 1-2 days. A guaranteed arrival on a Fix- day (such as a birthday or Saturday) can only be guaranteed with Post Mondexpress with an appropriate surcharge. On Monday, delivery is not guaranteed for logistical reasons. International the dispatch takes place only after telephone arrangement.<\/p><p><strong>Prices<\/strong><br \/>Prices include VAT (2.6% \/ 8.1%). Payment exclusively via credit card.<\/p><p><strong>data protection<\/strong><br \/>We use your personal information such as name and address exclusively to process your order and will not be passed on to third parties.<\/p><p><strong>liability<\/strong><br \/>The Konditorei Kochend\u00f6rfer \/ Hotel Albris AG assumes no liability for undeliverable or late delivery of products due to incorrectly declared delivery addresses, absence of the recipient, customs problems or events that can be attributed to force majeure; or through incorrect manipulation by Post \/ Kurier.<\/p><p><strong>Legal notice<\/strong><br \/>The content of this website is protected by copyright. The content may not be distributed, published, further used, forwarded or used for public or commercial purposes without written permission. The Konditorei Kochend\u00f6rfer \/ Hotel Albris AG cannot guarantee or accept liability for the correctness or completeness of its website accept and exclude any liability for incomplete or incorrect content. The place of jurisdiction is CH-7503 Samedan.<\/p><p><strong>Imprint<\/strong><br \/>Hotel Albris AG, Via Maistra 228, CH-7504 Pontresina<br \/>Tel. <a href=\"tel:+41818388040\">+41 81 838 80 40<\/a>, Fax +41 81 838 80 50<br \/>www.albris.ch, hotel @ albris.ch<\/p><p><strong>Delivery conditions in Switzerland<\/strong><br \/>By post Priority. Monday to Friday. Orders received by 08.00h are dispatched on the same day and will be delivered on the following day (working day ). The shipping costs are based on the official postal tariffs. The packaging costs are calculated according to effort and volume. Home deliveries to the agglomeration of Pontresina are not possible by arrangement. Returns are not possible by arrangement . A guaranteed arrival on a Fix- day (such as a birthday, Mother&#039;s Day or Saturday) takes place with Post Mondexpress with a corresponding surcharge.<\/p><p><strong>Delivery conditions abroad<\/strong><br \/>Only after prior agreement by phone.<\/p><p><strong>tip<\/strong><br \/>Place your order a few days before the desired delivery date.<\/p><p><strong>Terms of payment<\/strong><br \/>We make shopping in our online- shop as easy as possible. Payment is via Visa or Mastercard in the currency CHF. We would be happy to advise you: Tel. <a href=\"tel:+41818388040\">+41 81 838 80 40<\/a>, Fax +41 81 838 80 50.<\/p><p><strong>Safe shopping with Saferpay<\/strong><br \/>Saferpay is a comprehensive Internet-Payment-Platform that was specially developed for retailers. It provides a guarantee for secure online payments for both the merchant and the cardholder. The merchant benefits from the simple integration of payment methods into the e-Commerce platform as well as the modularity with which it is like today can cover future requirements. The cardholder benefits from the fact that he can use Saferpay and shop securely in all shops. Saferpay is a development by SIX Payment Services AG. SIX Payment Services AG is the Swiss market leader in the field of cashless, electronic payment transactions. Via the data center of SIX Payment Services AG handles several hundred thousand financial transactions every day. Saferpay is operated in Switzerland. There are communication links to all major banks in Europe and direct links to those around the world en Credit Cards-Networks. Saferpay ensures secure and easy payments in and via the Internet.<\/p><p><strong>Data center security<\/strong><br \/>The Telekurs Card Solutions data center meets all the security requirements of the card organizations. Only the latest security- and encryption technologies are used. The data center is monitored 24 hours a day and guarantees maximum availability.<\/p><p><strong>Application- security<\/strong><br \/>The consumer does not record his credit card number and the expiry date within the merchant&#039;s E-Commerce application, but within the Saferpay payment window. Since the E-Commerce application and Saferpay are operated on physically separate platforms, there is no risk of the credit card number and the expiry date in the database of the E-Commerce application can be saved. This significantly reduces the risk of credit card misuse.<\/p>\t\t\t\t\t\t\t\t<\/div>\n\t\t\t\t<\/div>\n\t\t\t\t\t<\/div>\n\t\t<\/div>\n\t\t\t\t\t<\/div>\n\t\t<\/section>\n\t\t\t\t<\/div>","protected":false},"excerpt":{"rendered":"<p>AGB Online-Shop Versand via Online-ShopIn der Schweiz erfolgt der Versand generell per Post Priority oder Kurierdienst mit Zustellzeit von 1-2 Tage. Ein garantiertes Eintreffen auf einen Fix-Tag (wie Geburtstag oder Samstag) kann nur mit Post Mondexpress mit entsprechendem Zuschlag garantiert werden. Am Montag ist eine Zustellung aus logistischen Gr\u00fcnden nicht garantiert. International erfolgt der Versand [&hellip;]<\/p>\n","protected":false},"author":1,"featured_media":0,"parent":0,"menu_order":0,"comment_status":"closed","ping_status":"closed","template":"","meta":{"footnotes":""},"class_list":["post-6639","page","type-page","status-publish","hentry"],"yoast_head":"<!-- This site is optimized with the Yoast SEO plugin v27.6 - https:\/\/yoast.com\/product\/yoast-seo-wordpress\/ -->\n<title>AGB I Hotel Albris Pontresina<\/title>\n<meta name=\"description\" content=\"AGB = Allgemeine Gesch\u00e4ftsbedingungen Hotel Albris Pontresina\" \/>\n<meta name=\"robots\" content=\"index, follow, max-snippet:-1, max-image-preview:large, max-video-preview:-1\" \/>\n<link rel=\"canonical\" href=\"https:\/\/www.albris.ch\/en\/terms-and-conditions-online-shop\/\" \/>\n<meta property=\"og:locale\" content=\"en_GB\" \/>\n<meta property=\"og:type\" content=\"article\" \/>\n<meta property=\"og:title\" content=\"AGB I Hotel Albris Pontresina\" \/>\n<meta property=\"og:description\" content=\"AGB = Allgemeine Gesch\u00e4ftsbedingungen Hotel Albris Pontresina\" \/>\n<meta property=\"og:url\" content=\"https:\/\/www.albris.ch\/en\/terms-and-conditions-online-shop\/\" \/>\n<meta property=\"og:site_name\" content=\"Hotel Albris Pontresina\" \/>\n<meta property=\"article:publisher\" content=\"https:\/\/www.facebook.com\/KOCHEND%c3%96RFERS-HOTEL-ALBRIS-Pontresina-Switzerland-133357763361393\" \/>\n<meta property=\"article:modified_time\" content=\"2025-02-19T20:18:36+00:00\" \/>\n<meta name=\"twitter:card\" content=\"summary_large_image\" \/>\n<meta name=\"twitter:label1\" content=\"Estimated reading time\" \/>\n\t<meta name=\"twitter:data1\" content=\"4 minutes\" \/>\n<script type=\"application\/ld+json\" class=\"yoast-schema-graph\">{\"@context\":\"https:\\\/\\\/schema.org\",\"@graph\":[{\"@type\":\"WebPage\",\"@id\":\"https:\\\/\\\/www.albris.ch\\\/agb-online-shop\\\/\",\"url\":\"https:\\\/\\\/www.albris.ch\\\/agb-online-shop\\\/\",\"name\":\"AGB I Hotel Albris Pontresina\",\"isPartOf\":{\"@id\":\"https:\\\/\\\/www.albris.ch\\\/#website\"},\"datePublished\":\"2016-10-20T07:43:16+00:00\",\"dateModified\":\"2025-02-19T20:18:36+00:00\",\"description\":\"AGB = Allgemeine Gesch\u00e4ftsbedingungen Hotel Albris Pontresina\",\"breadcrumb\":{\"@id\":\"https:\\\/\\\/www.albris.ch\\\/agb-online-shop\\\/#breadcrumb\"},\"inLanguage\":\"en-GB\",\"potentialAction\":[{\"@type\":\"ReadAction\",\"target\":[\"https:\\\/\\\/www.albris.ch\\\/agb-online-shop\\\/\"]}]},{\"@type\":\"BreadcrumbList\",\"@id\":\"https:\\\/\\\/www.albris.ch\\\/agb-online-shop\\\/#breadcrumb\",\"itemListElement\":[{\"@type\":\"ListItem\",\"position\":1,\"name\":\"Home\",\"item\":\"https:\\\/\\\/www.albris.ch\\\/\"},{\"@type\":\"ListItem\",\"position\":2,\"name\":\"AGB Online-Shop\"}]},{\"@type\":\"WebSite\",\"@id\":\"https:\\\/\\\/www.albris.ch\\\/#website\",\"url\":\"https:\\\/\\\/www.albris.ch\\\/\",\"name\":\"Hotel Albris Pontresina\",\"description\":\"Der Name Kochend\u00f6rfer steht seit \u00fcber 100 Jahren f\u00fcr Tradition und hochwertigen Genuss.\",\"publisher\":{\"@id\":\"https:\\\/\\\/www.albris.ch\\\/#organization\"},\"potentialAction\":[{\"@type\":\"SearchAction\",\"target\":{\"@type\":\"EntryPoint\",\"urlTemplate\":\"https:\\\/\\\/www.albris.ch\\\/?s={search_term_string}\"},\"query-input\":{\"@type\":\"PropertyValueSpecification\",\"valueRequired\":true,\"valueName\":\"search_term_string\"}}],\"inLanguage\":\"en-GB\"},{\"@type\":\"Organization\",\"@id\":\"https:\\\/\\\/www.albris.ch\\\/#organization\",\"name\":\"Hotel Albris\",\"url\":\"https:\\\/\\\/www.albris.ch\\\/\",\"logo\":{\"@type\":\"ImageObject\",\"inLanguage\":\"en-GB\",\"@id\":\"https:\\\/\\\/www.albris.ch\\\/#\\\/schema\\\/logo\\\/image\\\/\",\"url\":\"https:\\\/\\\/www.albris.ch\\\/wp-content\\\/uploads\\\/2016\\\/08\\\/albris-logo@1x.png\",\"contentUrl\":\"https:\\\/\\\/www.albris.ch\\\/wp-content\\\/uploads\\\/2016\\\/08\\\/albris-logo@1x.png\",\"width\":182,\"height\":56,\"caption\":\"Hotel Albris\"},\"image\":{\"@id\":\"https:\\\/\\\/www.albris.ch\\\/#\\\/schema\\\/logo\\\/image\\\/\"},\"sameAs\":[\"https:\\\/\\\/www.facebook.com\\\/KOCHEND\u00d6RFERS-HOTEL-ALBRIS-Pontresina-Switzerland-133357763361393\"]}]}<\/script>\n<!-- \/ Yoast SEO plugin. -->","yoast_head_json":{"title":"Terms and Conditions I Hotel Albris Pontresina","description":"AGB = General Terms and Conditions Hotel Albris Pontresina","robots":{"index":"index","follow":"follow","max-snippet":"max-snippet:-1","max-image-preview":"max-image-preview:large","max-video-preview":"max-video-preview:-1"},"canonical":"https:\/\/www.albris.ch\/en\/terms-and-conditions-online-shop\/","og_locale":"en_GB","og_type":"article","og_title":"AGB I Hotel Albris Pontresina","og_description":"AGB = Allgemeine Gesch\u00e4ftsbedingungen Hotel Albris Pontresina","og_url":"https:\/\/www.albris.ch\/en\/terms-and-conditions-online-shop\/","og_site_name":"Hotel Albris Pontresina","article_publisher":"https:\/\/www.facebook.com\/KOCHEND%c3%96RFERS-HOTEL-ALBRIS-Pontresina-Switzerland-133357763361393","article_modified_time":"2025-02-19T20:18:36+00:00","twitter_card":"summary_large_image","twitter_misc":{"Estimated reading time":"4 minutes"},"schema":{"@context":"https:\/\/schema.org","@graph":[{"@type":"WebPage","@id":"https:\/\/www.albris.ch\/agb-online-shop\/","url":"https:\/\/www.albris.ch\/agb-online-shop\/","name":"Terms and Conditions I Hotel Albris Pontresina","isPartOf":{"@id":"https:\/\/www.albris.ch\/#website"},"datePublished":"2016-10-20T07:43:16+00:00","dateModified":"2025-02-19T20:18:36+00:00","description":"AGB = General Terms and Conditions Hotel Albris Pontresina","breadcrumb":{"@id":"https:\/\/www.albris.ch\/agb-online-shop\/#breadcrumb"},"inLanguage":"en-GB","potentialAction":[{"@type":"ReadAction","target":["https:\/\/www.albris.ch\/agb-online-shop\/"]}]},{"@type":"BreadcrumbList","@id":"https:\/\/www.albris.ch\/agb-online-shop\/#breadcrumb","itemListElement":[{"@type":"ListItem","position":1,"name":"Home","item":"https:\/\/www.albris.ch\/"},{"@type":"ListItem","position":2,"name":"AGB Online-Shop"}]},{"@type":"WebSite","@id":"https:\/\/www.albris.ch\/#website","url":"https:\/\/www.albris.ch\/","name":"Hotel Albris Pontresina","description":"The name Kochend\u00f6rfer has stood for tradition and high-quality enjoyment for over 100 years","publisher":{"@id":"https:\/\/www.albris.ch\/#organization"},"potentialAction":[{"@type":"SearchAction","target":{"@type":"EntryPoint","urlTemplate":"https:\/\/www.albris.ch\/?s={search_term_string}"},"query-input":{"@type":"PropertyValueSpecification","valueRequired":true,"valueName":"search_term_string"}}],"inLanguage":"en-GB"},{"@type":"Organization","@id":"https:\/\/www.albris.ch\/#organization","name":"Hotel Albris","url":"https:\/\/www.albris.ch\/","logo":{"@type":"ImageObject","inLanguage":"en-GB","@id":"https:\/\/www.albris.ch\/#\/schema\/logo\/image\/","url":"https:\/\/www.albris.ch\/wp-content\/uploads\/2016\/08\/albris-logo@1x.png","contentUrl":"https:\/\/www.albris.ch\/wp-content\/uploads\/2016\/08\/albris-logo@1x.png","width":182,"height":56,"caption":"Hotel Albris"},"image":{"@id":"https:\/\/www.albris.ch\/#\/schema\/logo\/image\/"},"sameAs":["https:\/\/www.facebook.com\/KOCHEND\u00d6RFERS-HOTEL-ALBRIS-Pontresina-Switzerland-133357763361393"]}]}},"_links":{"self":[{"href":"https:\/\/www.albris.ch\/en\/wp-json\/wp\/v2\/pages\/6639","targetHints":{"allow":["GET"]}}],"collection":[{"href":"https:\/\/www.albris.ch\/en\/wp-json\/wp\/v2\/pages"}],"about":[{"href":"https:\/\/www.albris.ch\/en\/wp-json\/wp\/v2\/types\/page"}],"author":[{"embeddable":true,"href":"https:\/\/www.albris.ch\/en\/wp-json\/wp\/v2\/users\/1"}],"replies":[{"embeddable":true,"href":"https:\/\/www.albris.ch\/en\/wp-json\/wp\/v2\/comments?post=6639"}],"version-history":[{"count":0,"href":"https:\/\/www.albris.ch\/en\/wp-json\/wp\/v2\/pages\/6639\/revisions"}],"wp:attachment":[{"href":"https:\/\/www.albris.ch\/en\/wp-json\/wp\/v2\/media?parent=6639"}],"curies":[{"name":"wp","href":"https:\/\/api.w.org\/{rel}","templated":true}]}}